{"id":10238,"date":"2024-10-31T12:00:55","date_gmt":"2024-10-31T11:00:55","guid":{"rendered":"https:\/\/2liceum.eu\/?page_id=10238"},"modified":"2025-01-08T13:09:18","modified_gmt":"2025-01-08T12:09:18","slug":"zarzadzenia","status":"publish","type":"page","link":"https:\/\/2liceum.eu\/index.php\/zarzadzenia\/","title":{"rendered":"Zarz\u0105dzenia"},"content":{"rendered":"\n<p>&nbsp;<\/p>\n<h3><span style=\"color: #008000;\">ZARZ\u0104DZENIE NR 42<\/span><\/h3>\n<p>&nbsp;<\/p>\n<p style=\"text-align: center;\"><a href=\"https:\/\/2liceum.eu\/wp-content\/uploads\/2024\/10\/Zarzadzenie_nr_42.pdf\" class=\"pdfemb-viewer\" style=\"\" data-width=\"max\" data-height=\"max\"  data-toolbar=\"bottom\" data-toolbar-fixed=\"off\">Zarz\u0105dzenie_nr_42<br\/><\/a><\/p>\n<p>&nbsp;<\/p>\n<p><strong>Zarz\u0105dzenie nr 42 i za\u0142\u0105czniki:<\/strong><\/p>\n<ul>\n<li><a href=\"https:\/\/2liceum.eu\/wp-content\/uploads\/2024\/10\/Zarzadzenie_nr_42.pdf\">Zarz\u0105dzenie nr 42 z dnia 28.10.2024 r.<\/a><\/li>\n<li><a href=\"https:\/\/2liceum.eu\/wp-content\/uploads\/2024\/10\/Zalacznik_1_Zarzadzenie_nr_42.pdf\">Za\u0142\u0105cznik nr 1<\/a><\/li>\n<li><a href=\"https:\/\/2liceum.eu\/wp-content\/uploads\/2024\/10\/Zalacznik_2_Zarzadzenie_nr_42.pdf\">Za\u0142\u0105cznik nr 2<\/a><\/li>\n<li><a href=\"https:\/\/2liceum.eu\/wp-content\/uploads\/2024\/10\/Zalacznik_3_Zarzadzenie_nr_42.pdf\">Za\u0142\u0105cznik nr 3<\/a><\/li>\n<\/ul>\n<p>&nbsp;<\/p>\n<hr>\n<h3>&nbsp;<\/h3>\n<h3><span style=\"color: #008000;\">ZARZ\u0104DZENIE NR 51<\/span><\/h3>\n<p>&nbsp;<\/p>\n<p style=\"text-align: center;\"><a href=\"https:\/\/2liceum.eu\/wp-content\/uploads\/2025\/01\/zarzadzenie_ewakuacja.pdf\" class=\"pdfemb-viewer\" style=\"\" data-width=\"max\" data-height=\"max\"  data-toolbar=\"bottom\" data-toolbar-fixed=\"off\">zarzadzenie_ewakuacja<br\/><\/a><\/p>\n<p>&nbsp;<\/p>\n<p><strong>Zarz\u0105dzenie nr 51 i za\u0142\u0105czniki:<\/strong><\/p>\n<ul>\n<li><a href=\"https:\/\/2liceum.eu\/wp-content\/uploads\/2025\/01\/zarzadzenie_ewakuacja.pdf\">Zarz\u0105dzenie nr 51 z dnia 30.12.2024 r.<\/a><\/li>\n<li><a href=\"https:\/\/2liceum.eu\/wp-content\/uploads\/2025\/01\/procedura-ewakuacji-1.pdf\">Za\u0142\u0105cznik nr 1<\/a><\/li>\n<\/ul>\n<p>&nbsp;<\/p>\n","protected":false},"excerpt":{"rendered":"<p>&nbsp; ZARZ\u0104DZENIE NR 42 &nbsp; &nbsp; Zarz\u0105dzenie nr 42 i za\u0142\u0105czniki: Zarz\u0105dzenie nr 42 z dnia 28.10.2024 r. Za\u0142\u0105cznik nr 1 Za\u0142\u0105cznik nr 2 Za\u0142\u0105cznik nr 3 &nbsp; &nbsp; ZARZ\u0104DZENIE NR 51 &nbsp; &nbsp; Zarz\u0105dzenie nr 51 i za\u0142\u0105czniki: Zarz\u0105dzenie nr 51 z dnia 30.12.2024 r. Za\u0142\u0105cznik nr 1 &nbsp;<\/p>\n","protected":false},"author":2,"featured_media":0,"parent":0,"menu_order":0,"comment_status":"closed","ping_status":"closed","template":"","meta":{"ngg_post_thumbnail":0,"footnotes":""},"class_list":["post-10238","page","type-page","status-publish","hentry"],"yoast_head":"<!-- This site is optimized with the Yoast SEO plugin v19.4 - https:\/\/yoast.com\/wordpress\/plugins\/seo\/ -->\n<title>Zarz\u0105dzenia - II Liceum Og\u00f3lnokszta\u0142c\u0105ce w Lubinie<\/title>\n<meta name=\"robots\" content=\"index, follow, max-snippet:-1, max-image-preview:large, max-video-preview:-1\" \/>\n<link rel=\"canonical\" href=\"https:\/\/2liceum.eu\/index.php\/zarzadzenia\/\" \/>\n<meta property=\"og:locale\" content=\"pl_PL\" \/>\n<meta property=\"og:type\" content=\"article\" \/>\n<meta property=\"og:title\" content=\"Zarz\u0105dzenia - II Liceum Og\u00f3lnokszta\u0142c\u0105ce w Lubinie\" \/>\n<meta property=\"og:description\" content=\"&nbsp; ZARZ\u0104DZENIE NR 42 &nbsp; &nbsp; Zarz\u0105dzenie nr 42 i za\u0142\u0105czniki: Zarz\u0105dzenie nr 42 z dnia 28.10.2024 r. Za\u0142\u0105cznik nr 1 Za\u0142\u0105cznik nr 2 Za\u0142\u0105cznik nr 3 &nbsp; &nbsp; ZARZ\u0104DZENIE NR 51 &nbsp; &nbsp; Zarz\u0105dzenie nr 51 i za\u0142\u0105czniki: Zarz\u0105dzenie nr 51 z dnia 30.12.2024 r. Za\u0142\u0105cznik nr 1 &nbsp;\" \/>\n<meta property=\"og:url\" content=\"https:\/\/2liceum.eu\/index.php\/zarzadzenia\/\" \/>\n<meta property=\"og:site_name\" content=\"II Liceum Og\u00f3lnokszta\u0142c\u0105ce w Lubinie\" \/>\n<meta property=\"article:publisher\" content=\"https:\/\/web.facebook.com\/IILOLubin\/\" \/>\n<meta property=\"article:modified_time\" content=\"2025-01-08T12:09:18+00:00\" \/>\n<meta name=\"twitter:card\" content=\"summary_large_image\" \/>\n<script type=\"application\/ld+json\" class=\"yoast-schema-graph\">{\"@context\":\"https:\/\/schema.org\",\"@graph\":[{\"@type\":\"Organization\",\"@id\":\"https:\/\/2liceum.eu\/#organization\",\"name\":\"II Liceum Og\u00f3lnokszta\u0142c\u0105ce w Lubinie\",\"url\":\"https:\/\/2liceum.eu\/\",\"sameAs\":[\"http:\/\/2lolubin\",\"https:\/\/www.youtube.com\/channel\/UCWjEMxRJYdfvxPhVOn-8g_g\",\"https:\/\/web.facebook.com\/IILOLubin\/\"],\"logo\":{\"@type\":\"ImageObject\",\"inLanguage\":\"pl-PL\",\"@id\":\"https:\/\/2liceum.eu\/#\/schema\/logo\/image\/\",\"url\":\"https:\/\/2liceum.eu\/wp-content\/uploads\/2018\/01\/pobrane.jpg\",\"contentUrl\":\"https:\/\/2liceum.eu\/wp-content\/uploads\/2018\/01\/pobrane.jpg\",\"width\":184,\"height\":183,\"caption\":\"II Liceum Og\u00f3lnokszta\u0142c\u0105ce w Lubinie\"},\"image\":{\"@id\":\"https:\/\/2liceum.eu\/#\/schema\/logo\/image\/\"}},{\"@type\":\"WebSite\",\"@id\":\"https:\/\/2liceum.eu\/#website\",\"url\":\"https:\/\/2liceum.eu\/\",\"name\":\"II Liceum Og\u00f3lnokszta\u0142c\u0105ce w Lubinie\",\"description\":\"Oficjalny portal II LO w Lubinie. Informacje o szkole, kadrze, zaj\u0119ciach dydaktycznych, ko\u0142ach zainteresowa\u0144, wolontariacie. Aktualno\u015bci. Galeria zdj\u0119\u0107.\",\"publisher\":{\"@id\":\"https:\/\/2liceum.eu\/#organization\"},\"potentialAction\":[{\"@type\":\"SearchAction\",\"target\":{\"@type\":\"EntryPoint\",\"urlTemplate\":\"https:\/\/2liceum.eu\/?s={search_term_string}\"},\"query-input\":\"required name=search_term_string\"}],\"inLanguage\":\"pl-PL\"},{\"@type\":\"WebPage\",\"@id\":\"https:\/\/2liceum.eu\/index.php\/zarzadzenia\/\",\"url\":\"https:\/\/2liceum.eu\/index.php\/zarzadzenia\/\",\"name\":\"Zarz\u0105dzenia - II Liceum Og\u00f3lnokszta\u0142c\u0105ce w Lubinie\",\"isPartOf\":{\"@id\":\"https:\/\/2liceum.eu\/#website\"},\"datePublished\":\"2024-10-31T11:00:55+00:00\",\"dateModified\":\"2025-01-08T12:09:18+00:00\",\"breadcrumb\":{\"@id\":\"https:\/\/2liceum.eu\/index.php\/zarzadzenia\/#breadcrumb\"},\"inLanguage\":\"pl-PL\",\"potentialAction\":[{\"@type\":\"ReadAction\",\"target\":[\"https:\/\/2liceum.eu\/index.php\/zarzadzenia\/\"]}]},{\"@type\":\"BreadcrumbList\",\"@id\":\"https:\/\/2liceum.eu\/index.php\/zarzadzenia\/#breadcrumb\",\"itemListElement\":[{\"@type\":\"ListItem\",\"position\":1,\"name\":\"Strona g\u0142\u00f3wna\",\"item\":\"https:\/\/2liceum.eu\/\"},{\"@type\":\"ListItem\",\"position\":2,\"name\":\"Zarz\u0105dzenia\"}]}]}<\/script>\n<!-- \/ Yoast SEO plugin. -->","yoast_head_json":{"title":"Zarz\u0105dzenia - II Liceum Og\u00f3lnokszta\u0142c\u0105ce w Lubinie","robots":{"index":"index","follow":"follow","max-snippet":"max-snippet:-1","max-image-preview":"max-image-preview:large","max-video-preview":"max-video-preview:-1"},"canonical":"https:\/\/2liceum.eu\/index.php\/zarzadzenia\/","og_locale":"pl_PL","og_type":"article","og_title":"Zarz\u0105dzenia - II Liceum Og\u00f3lnokszta\u0142c\u0105ce w Lubinie","og_description":"&nbsp; ZARZ\u0104DZENIE NR 42 &nbsp; &nbsp; Zarz\u0105dzenie nr 42 i za\u0142\u0105czniki: Zarz\u0105dzenie nr 42 z dnia 28.10.2024 r. Za\u0142\u0105cznik nr 1 Za\u0142\u0105cznik nr 2 Za\u0142\u0105cznik nr 3 &nbsp; &nbsp; ZARZ\u0104DZENIE NR 51 &nbsp; &nbsp; Zarz\u0105dzenie nr 51 i za\u0142\u0105czniki: Zarz\u0105dzenie nr 51 z dnia 30.12.2024 r. Za\u0142\u0105cznik nr 1 &nbsp;","og_url":"https:\/\/2liceum.eu\/index.php\/zarzadzenia\/","og_site_name":"II Liceum Og\u00f3lnokszta\u0142c\u0105ce w Lubinie","article_publisher":"https:\/\/web.facebook.com\/IILOLubin\/","article_modified_time":"2025-01-08T12:09:18+00:00","twitter_card":"summary_large_image","schema":{"@context":"https:\/\/schema.org","@graph":[{"@type":"Organization","@id":"https:\/\/2liceum.eu\/#organization","name":"II Liceum Og\u00f3lnokszta\u0142c\u0105ce w Lubinie","url":"https:\/\/2liceum.eu\/","sameAs":["http:\/\/2lolubin","https:\/\/www.youtube.com\/channel\/UCWjEMxRJYdfvxPhVOn-8g_g","https:\/\/web.facebook.com\/IILOLubin\/"],"logo":{"@type":"ImageObject","inLanguage":"pl-PL","@id":"https:\/\/2liceum.eu\/#\/schema\/logo\/image\/","url":"https:\/\/2liceum.eu\/wp-content\/uploads\/2018\/01\/pobrane.jpg","contentUrl":"https:\/\/2liceum.eu\/wp-content\/uploads\/2018\/01\/pobrane.jpg","width":184,"height":183,"caption":"II Liceum Og\u00f3lnokszta\u0142c\u0105ce w Lubinie"},"image":{"@id":"https:\/\/2liceum.eu\/#\/schema\/logo\/image\/"}},{"@type":"WebSite","@id":"https:\/\/2liceum.eu\/#website","url":"https:\/\/2liceum.eu\/","name":"II Liceum Og\u00f3lnokszta\u0142c\u0105ce w Lubinie","description":"Oficjalny portal II LO w Lubinie. Informacje o szkole, kadrze, zaj\u0119ciach dydaktycznych, ko\u0142ach zainteresowa\u0144, wolontariacie. Aktualno\u015bci. Galeria zdj\u0119\u0107.","publisher":{"@id":"https:\/\/2liceum.eu\/#organization"},"potentialAction":[{"@type":"SearchAction","target":{"@type":"EntryPoint","urlTemplate":"https:\/\/2liceum.eu\/?s={search_term_string}"},"query-input":"required name=search_term_string"}],"inLanguage":"pl-PL"},{"@type":"WebPage","@id":"https:\/\/2liceum.eu\/index.php\/zarzadzenia\/","url":"https:\/\/2liceum.eu\/index.php\/zarzadzenia\/","name":"Zarz\u0105dzenia - II Liceum Og\u00f3lnokszta\u0142c\u0105ce w Lubinie","isPartOf":{"@id":"https:\/\/2liceum.eu\/#website"},"datePublished":"2024-10-31T11:00:55+00:00","dateModified":"2025-01-08T12:09:18+00:00","breadcrumb":{"@id":"https:\/\/2liceum.eu\/index.php\/zarzadzenia\/#breadcrumb"},"inLanguage":"pl-PL","potentialAction":[{"@type":"ReadAction","target":["https:\/\/2liceum.eu\/index.php\/zarzadzenia\/"]}]},{"@type":"BreadcrumbList","@id":"https:\/\/2liceum.eu\/index.php\/zarzadzenia\/#breadcrumb","itemListElement":[{"@type":"ListItem","position":1,"name":"Strona g\u0142\u00f3wna","item":"https:\/\/2liceum.eu\/"},{"@type":"ListItem","position":2,"name":"Zarz\u0105dzenia"}]}]}},"_links":{"self":[{"href":"https:\/\/2liceum.eu\/index.php\/wp-json\/wp\/v2\/pages\/10238","targetHints":{"allow":["GET"]}}],"collection":[{"href":"https:\/\/2liceum.eu\/index.php\/wp-json\/wp\/v2\/pages"}],"about":[{"href":"https:\/\/2liceum.eu\/index.php\/wp-json\/wp\/v2\/types\/page"}],"author":[{"embeddable":true,"href":"https:\/\/2liceum.eu\/index.php\/wp-json\/wp\/v2\/users\/2"}],"replies":[{"embeddable":true,"href":"https:\/\/2liceum.eu\/index.php\/wp-json\/wp\/v2\/comments?post=10238"}],"version-history":[{"count":3,"href":"https:\/\/2liceum.eu\/index.php\/wp-json\/wp\/v2\/pages\/10238\/revisions"}],"predecessor-version":[{"id":10679,"href":"https:\/\/2liceum.eu\/index.php\/wp-json\/wp\/v2\/pages\/10238\/revisions\/10679"}],"wp:attachment":[{"href":"https:\/\/2liceum.eu\/index.php\/wp-json\/wp\/v2\/media?parent=10238"}],"curies":[{"name":"wp","href":"https:\/\/api.w.org\/{rel}","templated":true}]}}