{"id":180,"date":"2017-12-21T09:28:42","date_gmt":"2017-12-21T08:28:42","guid":{"rendered":"http:\/\/2liceum.eu\/?page_id=180"},"modified":"2018-01-17T09:34:57","modified_gmt":"2018-01-17T08:34:57","slug":"dwojkowe-filmy","status":"publish","type":"page","link":"https:\/\/2liceum.eu\/index.php\/dwojkowe-filmy\/","title":{"rendered":"Dw\u00f3jkowe Filmy"},"content":{"rendered":"<p>&nbsp;<br \/>\n<center><iframe loading=\"lazy\" width=\"560\" height=\"315\" src=\"https:\/\/www.youtube.com\/embed\/IDw66_gdgKI\" frameborder=\"0\" allowfullscreen><\/iframe><\/center><br \/>\n&nbsp;<\/p>\n<hr>\n<p>&nbsp;<br \/>\n<center><iframe loading=\"lazy\" src=\"https:\/\/www.youtube.com\/embed\/l32zzhU05NY\" width=\"560\" height=\"315\" frameborder=\"0\" allowfullscreen=\"allowfullscreen\"><\/iframe><\/center><br \/>\n&nbsp;<\/p>\n<hr>\n<p>&nbsp;<\/p>\n<p>Nasze utalentowane kole\u017canki z kl. 2b &#8211; Karolina Wierdak oraz Karolina Ku\u017ama przygotowa\u0142y pi\u0119kny w swoim kszta\u0142cie i przekazie spot z okazji tegorocznego \u015awi\u0119ta Niepodleg\u0142o\u015bci. Zach\u0119camy do ogl\u0105dania!<\/p>\n<p><center><br \/>\n<iframe loading=\"lazy\" src=\"https:\/\/www.youtube.com\/embed\/RzW8T6aIQa4\" width=\"560\" height=\"315\" frameborder=\"0\" allowfullscreen=\"allowfullscreen\"><\/iframe><\/center><center><\/center><br \/>\n&nbsp;<\/p>\n<hr>\n<p>&nbsp;<\/p>\n<p><center><iframe loading=\"lazy\" src=\"https:\/\/www.youtube.com\/embed\/XNCQDs2-edM\" width=\"560\" height=\"315\" frameborder=\"0\" allowfullscreen=\"allowfullscreen\"><\/iframe><\/center><center><\/center><br \/>\n&nbsp;<\/p>\n<hr>\n<p>&nbsp;<\/p>\n<p><center><iframe loading=\"lazy\" width=\"560\" height=\"315\" src=\"https:\/\/www.youtube.com\/embed\/213l8rF0U-A\" frameborder=\"0\" allowfullscreen><\/iframe><br \/>\n&nbsp;<\/p>\n<hr>\n<p>&nbsp;<\/p>\n<p><center><iframe loading=\"lazy\" width=\"560\" height=\"315\" src=\"https:\/\/www.youtube.com\/embed\/Wnzk57NjZM0\" frameborder=\"0\" allowfullscreen><\/iframe><\/center><br \/>\n&nbsp;<\/p>\n<hr>\n<p>&nbsp;<\/p>\n<p><center><iframe loading=\"lazy\" width=\"560\" height=\"315\" src=\"https:\/\/www.youtube.com\/embed\/fk58AxjWrmU\" frameborder=\"0\" allowfullscreen><\/iframe><\/center><br \/>\n&nbsp;<\/p>\n<hr>\n<p>&nbsp;<\/p>\n<p><center><iframe loading=\"lazy\" src=\"\/\/player.vimeo.com\/video\/98132855\" width=\"560\" height=\"315\" frameborder=\"0\" webkitallowfullscreen mozallowfullscreen allowfullscreen><\/iframe> <\/p>\n<p><a href=\"http:\/\/vimeo.com\/98132855\"><\/center><br \/>\n&nbsp;<\/p>\n<hr>\n<p>&nbsp;<\/p>\n<p><center><iframe loading=\"lazy\" src=\"http:\/\/player.vimeo.com\/video\/38147499\" width=\"560\" height=\"315\" frameborder=\"0\"><\/iframe><\/center><br \/>\n&nbsp;<\/p>\n<hr>\n<p>&nbsp;<\/p>\n<p><center><iframe loading=\"lazy\" src=\"http:\/\/player.vimeo.com\/video\/15944871\" width=\"560\" height=\"315\" frameborder=\"0\"><\/iframe><\/center><br \/>\n&nbsp;<\/p>\n<hr>\n<p>&nbsp;<\/p>\n<p><center><iframe loading=\"lazy\" src=\"http:\/\/player.vimeo.com\/video\/14603938\" width=\"560\" height=\"315\" frameborder=\"0\"><\/iframe><\/center><br \/>\n&nbsp;<\/p>\n<hr>\n<p>&nbsp;<\/p>\n<p><center><iframe loading=\"lazy\" src=\"http:\/\/player.vimeo.com\/video\/12484153\" width=\"560\" height=\"315\" frameborder=\"0\"><\/iframe><\/center><br \/>\n&nbsp;<\/p>\n<hr>\n<p>&nbsp;<\/p>\n<p><center><iframe loading=\"lazy\" src=\"http:\/\/player.vimeo.com\/video\/10889255\" width=\"560\" height=\"315\" frameborder=\"0\"><\/iframe><\/center><br \/>\n&nbsp;<\/p>\n<hr>\n<p>&nbsp;<\/p>\n<p><center><iframe loading=\"lazy\" src=\"http:\/\/player.vimeo.com\/video\/10456785\" width=\"560\" height=\"315\" frameborder=\"0\"><\/iframe><\/center><br \/>\n&nbsp;<\/p>\n<hr>\n<p>&nbsp;<\/p>\n","protected":false},"excerpt":{"rendered":"<p>&nbsp; &nbsp; &nbsp; &nbsp; &nbsp; Nasze utalentowane kole\u017canki z kl. 2b &#8211; Karolina Wierdak oraz Karolina Ku\u017ama przygotowa\u0142y pi\u0119kny w swoim kszta\u0142cie i przekazie spot z okazji tegorocznego \u015awi\u0119ta Niepodleg\u0142o\u015bci. Zach\u0119camy do ogl\u0105dania! &nbsp; &nbsp; &nbsp; &nbsp; &nbsp; &nbsp; &nbsp; &nbsp; &nbsp; &nbsp; &nbsp; &nbsp; &nbsp; &nbsp; &nbsp; &nbsp; &nbsp; &nbsp; &nbsp; &nbsp; &nbsp; &nbsp; [&hellip;]<\/p>\n","protected":false},"author":2,"featured_media":0,"parent":0,"menu_order":0,"comment_status":"closed","ping_status":"closed","template":"","meta":{"ngg_post_thumbnail":0,"footnotes":""},"class_list":["post-180","page","type-page","status-publish","hentry"],"yoast_head":"<!-- This site is optimized with the Yoast SEO plugin v19.4 - https:\/\/yoast.com\/wordpress\/plugins\/seo\/ -->\n<title>Dw\u00f3jkowe Filmy - II Liceum Og\u00f3lnokszta\u0142c\u0105ce w Lubinie<\/title>\n<meta name=\"robots\" content=\"index, follow, max-snippet:-1, max-image-preview:large, max-video-preview:-1\" \/>\n<link rel=\"canonical\" href=\"https:\/\/2liceum.eu\/index.php\/dwojkowe-filmy\/\" \/>\n<meta property=\"og:locale\" content=\"pl_PL\" \/>\n<meta property=\"og:type\" content=\"article\" \/>\n<meta property=\"og:title\" content=\"Dw\u00f3jkowe Filmy - II Liceum Og\u00f3lnokszta\u0142c\u0105ce w Lubinie\" \/>\n<meta property=\"og:description\" content=\"&nbsp; &nbsp; &nbsp; &nbsp; &nbsp; Nasze utalentowane kole\u017canki z kl. 2b &#8211; Karolina Wierdak oraz Karolina Ku\u017ama przygotowa\u0142y pi\u0119kny w swoim kszta\u0142cie i przekazie spot z okazji tegorocznego \u015awi\u0119ta Niepodleg\u0142o\u015bci. Zach\u0119camy do ogl\u0105dania! &nbsp; &nbsp; &nbsp; &nbsp; &nbsp; &nbsp; &nbsp; &nbsp; &nbsp; &nbsp; &nbsp; &nbsp; &nbsp; &nbsp; &nbsp; &nbsp; &nbsp; &nbsp; &nbsp; &nbsp; &nbsp; &nbsp; [&hellip;]\" \/>\n<meta property=\"og:url\" content=\"https:\/\/2liceum.eu\/index.php\/dwojkowe-filmy\/\" \/>\n<meta property=\"og:site_name\" content=\"II Liceum Og\u00f3lnokszta\u0142c\u0105ce w Lubinie\" \/>\n<meta property=\"article:publisher\" content=\"https:\/\/web.facebook.com\/IILOLubin\/\" \/>\n<meta property=\"article:modified_time\" content=\"2018-01-17T08:34:57+00:00\" \/>\n<meta name=\"twitter:card\" content=\"summary_large_image\" \/>\n<script type=\"application\/ld+json\" class=\"yoast-schema-graph\">{\"@context\":\"https:\/\/schema.org\",\"@graph\":[{\"@type\":\"Organization\",\"@id\":\"https:\/\/2liceum.eu\/#organization\",\"name\":\"II Liceum Og\u00f3lnokszta\u0142c\u0105ce w Lubinie\",\"url\":\"https:\/\/2liceum.eu\/\",\"sameAs\":[\"http:\/\/2lolubin\",\"https:\/\/www.youtube.com\/channel\/UCWjEMxRJYdfvxPhVOn-8g_g\",\"https:\/\/web.facebook.com\/IILOLubin\/\"],\"logo\":{\"@type\":\"ImageObject\",\"inLanguage\":\"pl-PL\",\"@id\":\"https:\/\/2liceum.eu\/#\/schema\/logo\/image\/\",\"url\":\"https:\/\/2liceum.eu\/wp-content\/uploads\/2018\/01\/pobrane.jpg\",\"contentUrl\":\"https:\/\/2liceum.eu\/wp-content\/uploads\/2018\/01\/pobrane.jpg\",\"width\":184,\"height\":183,\"caption\":\"II Liceum Og\u00f3lnokszta\u0142c\u0105ce w Lubinie\"},\"image\":{\"@id\":\"https:\/\/2liceum.eu\/#\/schema\/logo\/image\/\"}},{\"@type\":\"WebSite\",\"@id\":\"https:\/\/2liceum.eu\/#website\",\"url\":\"https:\/\/2liceum.eu\/\",\"name\":\"II Liceum Og\u00f3lnokszta\u0142c\u0105ce w Lubinie\",\"description\":\"Oficjalny portal II LO w Lubinie. Informacje o szkole, kadrze, zaj\u0119ciach dydaktycznych, ko\u0142ach zainteresowa\u0144, wolontariacie. Aktualno\u015bci. Galeria zdj\u0119\u0107.\",\"publisher\":{\"@id\":\"https:\/\/2liceum.eu\/#organization\"},\"potentialAction\":[{\"@type\":\"SearchAction\",\"target\":{\"@type\":\"EntryPoint\",\"urlTemplate\":\"https:\/\/2liceum.eu\/?s={search_term_string}\"},\"query-input\":\"required name=search_term_string\"}],\"inLanguage\":\"pl-PL\"},{\"@type\":\"WebPage\",\"@id\":\"https:\/\/2liceum.eu\/index.php\/dwojkowe-filmy\/\",\"url\":\"https:\/\/2liceum.eu\/index.php\/dwojkowe-filmy\/\",\"name\":\"Dw\u00f3jkowe Filmy - II Liceum Og\u00f3lnokszta\u0142c\u0105ce w Lubinie\",\"isPartOf\":{\"@id\":\"https:\/\/2liceum.eu\/#website\"},\"datePublished\":\"2017-12-21T08:28:42+00:00\",\"dateModified\":\"2018-01-17T08:34:57+00:00\",\"breadcrumb\":{\"@id\":\"https:\/\/2liceum.eu\/index.php\/dwojkowe-filmy\/#breadcrumb\"},\"inLanguage\":\"pl-PL\",\"potentialAction\":[{\"@type\":\"ReadAction\",\"target\":[\"https:\/\/2liceum.eu\/index.php\/dwojkowe-filmy\/\"]}]},{\"@type\":\"BreadcrumbList\",\"@id\":\"https:\/\/2liceum.eu\/index.php\/dwojkowe-filmy\/#breadcrumb\",\"itemListElement\":[{\"@type\":\"ListItem\",\"position\":1,\"name\":\"Strona g\u0142\u00f3wna\",\"item\":\"https:\/\/2liceum.eu\/\"},{\"@type\":\"ListItem\",\"position\":2,\"name\":\"Dw\u00f3jkowe Filmy\"}]}]}<\/script>\n<!-- \/ Yoast SEO plugin. -->","yoast_head_json":{"title":"Dw\u00f3jkowe Filmy - II Liceum Og\u00f3lnokszta\u0142c\u0105ce w Lubinie","robots":{"index":"index","follow":"follow","max-snippet":"max-snippet:-1","max-image-preview":"max-image-preview:large","max-video-preview":"max-video-preview:-1"},"canonical":"https:\/\/2liceum.eu\/index.php\/dwojkowe-filmy\/","og_locale":"pl_PL","og_type":"article","og_title":"Dw\u00f3jkowe Filmy - II Liceum Og\u00f3lnokszta\u0142c\u0105ce w Lubinie","og_description":"&nbsp; &nbsp; &nbsp; &nbsp; &nbsp; Nasze utalentowane kole\u017canki z kl. 2b &#8211; Karolina Wierdak oraz Karolina Ku\u017ama przygotowa\u0142y pi\u0119kny w swoim kszta\u0142cie i przekazie spot z okazji tegorocznego \u015awi\u0119ta Niepodleg\u0142o\u015bci. Zach\u0119camy do ogl\u0105dania! &nbsp; &nbsp; &nbsp; &nbsp; &nbsp; &nbsp; &nbsp; &nbsp; &nbsp; &nbsp; &nbsp; &nbsp; &nbsp; &nbsp; &nbsp; &nbsp; &nbsp; &nbsp; &nbsp; &nbsp; &nbsp; &nbsp; [&hellip;]","og_url":"https:\/\/2liceum.eu\/index.php\/dwojkowe-filmy\/","og_site_name":"II Liceum Og\u00f3lnokszta\u0142c\u0105ce w Lubinie","article_publisher":"https:\/\/web.facebook.com\/IILOLubin\/","article_modified_time":"2018-01-17T08:34:57+00:00","twitter_card":"summary_large_image","schema":{"@context":"https:\/\/schema.org","@graph":[{"@type":"Organization","@id":"https:\/\/2liceum.eu\/#organization","name":"II Liceum Og\u00f3lnokszta\u0142c\u0105ce w Lubinie","url":"https:\/\/2liceum.eu\/","sameAs":["http:\/\/2lolubin","https:\/\/www.youtube.com\/channel\/UCWjEMxRJYdfvxPhVOn-8g_g","https:\/\/web.facebook.com\/IILOLubin\/"],"logo":{"@type":"ImageObject","inLanguage":"pl-PL","@id":"https:\/\/2liceum.eu\/#\/schema\/logo\/image\/","url":"https:\/\/2liceum.eu\/wp-content\/uploads\/2018\/01\/pobrane.jpg","contentUrl":"https:\/\/2liceum.eu\/wp-content\/uploads\/2018\/01\/pobrane.jpg","width":184,"height":183,"caption":"II Liceum Og\u00f3lnokszta\u0142c\u0105ce w Lubinie"},"image":{"@id":"https:\/\/2liceum.eu\/#\/schema\/logo\/image\/"}},{"@type":"WebSite","@id":"https:\/\/2liceum.eu\/#website","url":"https:\/\/2liceum.eu\/","name":"II Liceum Og\u00f3lnokszta\u0142c\u0105ce w Lubinie","description":"Oficjalny portal II LO w Lubinie. Informacje o szkole, kadrze, zaj\u0119ciach dydaktycznych, ko\u0142ach zainteresowa\u0144, wolontariacie. Aktualno\u015bci. Galeria zdj\u0119\u0107.","publisher":{"@id":"https:\/\/2liceum.eu\/#organization"},"potentialAction":[{"@type":"SearchAction","target":{"@type":"EntryPoint","urlTemplate":"https:\/\/2liceum.eu\/?s={search_term_string}"},"query-input":"required name=search_term_string"}],"inLanguage":"pl-PL"},{"@type":"WebPage","@id":"https:\/\/2liceum.eu\/index.php\/dwojkowe-filmy\/","url":"https:\/\/2liceum.eu\/index.php\/dwojkowe-filmy\/","name":"Dw\u00f3jkowe Filmy - II Liceum Og\u00f3lnokszta\u0142c\u0105ce w Lubinie","isPartOf":{"@id":"https:\/\/2liceum.eu\/#website"},"datePublished":"2017-12-21T08:28:42+00:00","dateModified":"2018-01-17T08:34:57+00:00","breadcrumb":{"@id":"https:\/\/2liceum.eu\/index.php\/dwojkowe-filmy\/#breadcrumb"},"inLanguage":"pl-PL","potentialAction":[{"@type":"ReadAction","target":["https:\/\/2liceum.eu\/index.php\/dwojkowe-filmy\/"]}]},{"@type":"BreadcrumbList","@id":"https:\/\/2liceum.eu\/index.php\/dwojkowe-filmy\/#breadcrumb","itemListElement":[{"@type":"ListItem","position":1,"name":"Strona g\u0142\u00f3wna","item":"https:\/\/2liceum.eu\/"},{"@type":"ListItem","position":2,"name":"Dw\u00f3jkowe Filmy"}]}]}},"_links":{"self":[{"href":"https:\/\/2liceum.eu\/index.php\/wp-json\/wp\/v2\/pages\/180","targetHints":{"allow":["GET"]}}],"collection":[{"href":"https:\/\/2liceum.eu\/index.php\/wp-json\/wp\/v2\/pages"}],"about":[{"href":"https:\/\/2liceum.eu\/index.php\/wp-json\/wp\/v2\/types\/page"}],"author":[{"embeddable":true,"href":"https:\/\/2liceum.eu\/index.php\/wp-json\/wp\/v2\/users\/2"}],"replies":[{"embeddable":true,"href":"https:\/\/2liceum.eu\/index.php\/wp-json\/wp\/v2\/comments?post=180"}],"version-history":[{"count":9,"href":"https:\/\/2liceum.eu\/index.php\/wp-json\/wp\/v2\/pages\/180\/revisions"}],"predecessor-version":[{"id":314,"href":"https:\/\/2liceum.eu\/index.php\/wp-json\/wp\/v2\/pages\/180\/revisions\/314"}],"wp:attachment":[{"href":"https:\/\/2liceum.eu\/index.php\/wp-json\/wp\/v2\/media?parent=180"}],"curies":[{"name":"wp","href":"https:\/\/api.w.org\/{rel}","templated":true}]}}