{"id":434,"date":"2018-01-26T10:59:54","date_gmt":"2018-01-26T09:59:54","guid":{"rendered":"http:\/\/2liceum.eu\/?page_id=434"},"modified":"2018-01-26T10:59:54","modified_gmt":"2018-01-26T09:59:54","slug":"lektury","status":"publish","type":"page","link":"https:\/\/2liceum.eu\/index.php\/lektury\/","title":{"rendered":"Lektury"},"content":{"rendered":"<p style=\"line-height: 150%;\"><span style=\"color: #008000;\"><strong>TEKSTY POZNAWANE W CA\u0141O\u015aCI<\/strong><\/span><\/p>\n<p style=\"line-height: 150%;\"><strong>Poziom podstawowy:<\/strong><br \/>\n&#8211; Sofokles &#8222;Antygona&#8221; lub &#8222;Kr\u00f3l Edyp&#8221; (wersja literacka lub spektakl teatralny)<br \/>\n&#8211; &#8222;Bogurodzica&#8221;, &#8222;Lament \u015bwi\u0119tokrzyski&#8221;<br \/>\n&#8211; Jan Kochanowski &#8211; wybrane pie\u015bni, treny, psalmy<br \/>\n&#8211; Miko\u0142aj S\u0119p Szarzy\u0144ski &#8211; wybrane sonety<br \/>\n&#8211; William Szekspir &#8222;Makbet&#8221; lub &#8222;Hamlet&#8221;<br \/>\n&#8211; Adam Mickiewicz &#8211; wybrane sonety i inne wiersze (w tym &#8222;Romantyczno\u015b\u0107), &#8222;Dziady&#8221; cz. III, Pan Tadeusz<br \/>\n&#8211; Juliusz S\u0142owacki &#8211; wybrane wiersze<br \/>\n&#8211; Cyprian Norwid &#8211; wybrane wiersze<br \/>\n&#8211; Boles\u0142aw Prus &#8222;Lalka&#8221;<br \/>\n&#8211; Fiodor Dostojewski &#8222;Zbrodnia i kara&#8221; lub &#8222;\u0141agodna&#8221;<br \/>\n&#8211; Joseph Conrad &#8222;J\u0105dro ciemno\u015bci&#8221;<br \/>\n&#8211; Jan Kasprowicz, Kazimierz Przerwa-Tetmajer, Leopold Staff &#8211; wybrane wiersze<br \/>\n&#8211; Stanis\u0142aw Wyspia\u0144ski &#8222;Wesele&#8221;<br \/>\n&#8211; W\u0142adys\u0142aw Reymont &#8222;Ch\u0142opi&#8221; (tom I &#8211; Jesie\u0144)<br \/>\n&#8211; Stefan \u017beromski &#8211; wybrany utw\u00f3r (&#8222;Ludzie bezdomni&#8221;, &#8222;Wierna rzeka&#8221;, &#8222;Echa le\u015bne&#8221; lub &#8222;Przedwio\u015bnie&#8221;)<br \/>\n&#8211; Boles\u0142aw Le\u015bmian, Julian Tuwim, Jan Lecho\u0144, Julian Przybo\u015b, J\u00f3zef Czechowicz, Konstanty Ildefons Ga\u0142czy\u0144ski &#8211; wybrane wiersze<br \/>\n&#8211; Jaros\u0142aw Iwaszkiewicz &#8211; wybrane opowiadanie<br \/>\n&#8211; Bruno Schulz &#8211; wybrane opowiadanie<br \/>\n&#8211; Tadeusz Borowski &#8211; wybrane opowiadanie &#8211; Krzysztof Kamil Baczy\u0144ski, Tadeusz R\u00f3\u017cewicz, Czes\u0142aw Mi\u0142osz, Wis\u0142awa Szymborska, Zbigniew Herbert, Ewa Lipska, Adam Zagajewski, Stanis\u0142aw Bara\u0144czak 0 wybrane wiersze<br \/>\n&#8211; Miron Bia\u0142oszewski &#8211; wybrane utwory<br \/>\n&#8211; wybrany dramat dwudziestowieczny z literatury polskiej (np. Stanis\u0142awa Ignacego Witkiewicza, S\u0142awomira Mro\u017cka lub Tadeusza R\u00f3\u017cewicza)<br \/>\n&#8211; wybrana powie\u015b\u0107 polska z XX lub XXI w. (np. &#8222;Granica&#8221; Zofii Na\u0142kowskiej, &#8222;Solaris&#8221; Stanis\u0142awa Lema, &#8222;Cudzoziemka&#8221; Marii Kuncewiczowej)<br \/>\n&#8211; wybrana powie\u015b\u0107 \u015bwiatowa z XX lub XXI w. (np. &#8222;Proces&#8221; Franza Kafki, &#8222;D\u017cuma&#8221; Alberta Camusa, &#8222;Imi\u0119 r\u00f3\u017cy&#8221; Umberto Eco)<\/p>\n<p style=\"line-height: 150%;\"><strong>Poziom rozszerzony:<\/strong><br \/>\n&#8211; Horacy &#8211; wybrane liryki<br \/>\n&#8211; Jan Kochanowski &#8222;Treny&#8221; (jako cykl poetycki), poezja barokowa (np. Daniel Naborowski, Jan Andrzej Morsztyn)<br \/>\n&#8211; wybrany wiersz z romantycznej poezji europejskiej<br \/>\n&#8211; Juliusz S\u0142owacki &#8222;Kordian&#8221; lub &#8222;Fantazy&#8221;<br \/>\n&#8211; Zygmunt Krasi\u0144ski &#8222;Nie-Boska Komedia&#8221;, realistyczna lub naturalistyczna powie\u015b\u0107 europejska (np. &#8222;Ojciec Goriot&#8221; Honoriusza Balzaka, &#8222;Nana&#8221; Emila Zoli, &#8222;Pani Bovary&#8221; Gustawa Flauberta)<br \/>\n&#8211; Stanis\u0142aw Ignacy Witkiewicz &#8222;Szewcy&#8221;<br \/>\n&#8211; Gustaw Herling-Grudzi\u0144ski &#8211; wybrane opowiadanie<br \/>\n&#8211; Michai\u0142 Bu\u0142hakow &#8222;Mistrz i Ma\u0142gorzata&#8221;<br \/>\n&#8211; wybrana powie\u015b\u0107 lub zbi\u00f3r opowiada\u0144 z XX lub XXI w. (np. Marii D\u0105browskiej, Zofii Na\u0142kowskiej, Marii Kuncewiczowej, Stanis\u0142awa Lema, Jerzego Pilcha, Olgi Tokarczuk)<br \/>\n&#8211; wybrana powie\u015b\u0107 (lub zbiory opowiada\u0144) dwudziestowiecznych autor\u00f3w z literatury \u015bwiatowej (np. Franza Kafki, Vladimira Nabokova, Alberta Camusa, Guntera Grassa, Umberto Eco, Johna Steinbecka)<br \/>\n&#8211; wybrane wiersze dwudziestowiecznych poet\u00f3w polskich (innych niz na poziomie podstawowym)<\/p>\n<p style=\"line-height: 150%;\"><strong><span style=\"color: #008000;\">TEKSTY POZNAWANE W CA\u0141O\u015aCI LUB W CZ\u0118\u015aCI<\/span> (decyzja nale\u017cy do nauczyciela)<\/strong><\/p>\n<p style=\"line-height: 150%;\"><strong>Poziom podstawowy:<\/strong><br \/>\n&#8211; wyb\u00f3r mit\u00f3w<br \/>\n&#8211; &#8222;Dzieje Tristana i Izoldy&#8221;<br \/>\n&#8211; Miguel de Cervantes &#8222;Don Kichot&#8221;<br \/>\n&#8211; Jan Chryzostom Pasek &#8222;Pami\u0119tniki&#8221;<br \/>\n&#8211; Ignacy Krasicki &#8211; wybrana satyra lub &#8222;Monachomachia&#8221;<br \/>\n&#8211; Adam Mickiewicz &#8222;Dziady&#8221; cz\u0119\u015b\u0107 IV<br \/>\n&#8211; Juliusz S\u0142owacki &#8222;Kordian&#8221;<br \/>\n&#8211; Witold Gombrowicz &#8222;Ferdydurke&#8221;<br \/>\n&#8211; Irit Amiel &#8211; wybrane opowiadanie z tomu &#8222;Osmaleni&#8221; lub Hanna Krall &#8222;Zd\u0105\u017cy\u0107 przed Panem Bogiem&#8221;<br \/>\n&#8211; Gustaw Herling-Grudzi\u0144ski &#8222;Inny \u015bwiat&#8221;<br \/>\n&#8211; Ryszard Kapu\u015bci\u0144ski &#8222;Podr\u00f3\u017ce z Herodotem&#8221;<br \/>\n&#8211; Biblia (wybrane psalmy, fragmenty: Pie\u015b\u0144 nad Pie\u015bniami, Ksi\u0119ga Hioba, Apokalipsa \u015bw. Jana)<\/p>\n<p style=\"line-height: 150%;\"><strong>Poziom rozszerzony:<\/strong><br \/>\n&#8211; wybrany esej Mieczys\u0142awa Jastruna lub Zygmunta Kubiaka po\u015bwi\u0119cony kulturze antycznej<br \/>\n&#8211; Dante Alighieri &#8222;Boska komedia&#8221;<br \/>\n&#8211; Johann Wolfgang Goethe &#8222;Faust&#8221;<br \/>\n&#8211; Czes\u0142aw Mi\u0142osz &#8211; wybrany esej<br \/>\n&#8211; Zbigniew Herbert &#8211; wybrany esej<br \/>\n&#8211; inny esej autora polskiego (np. Kazimierza Wyki, Jana B\u0142o\u0144skiego, Leszka Ko\u0142akowskiego, ks. J\u00f3zefa Tischnera)<br \/>\n&#8211; wybrany reporta\u017c autora polskiego (np. Ryszarda Kapu\u015bci\u0144skiego, Hanny Krall, Henryka Grynberga)<br \/>\n&#8211; dziennik (np. Marii D\u0105browskiej, Zofii Na\u0142kowskiej, Witolda Gombrowicza)<br \/>\n&#8211; Jan Pawe\u0142 II &#8222;Tryptyk Rzymski&#8221;<br \/>\n&#8211; Biblia (fragmenty Starego i Nowego Testamentu jako konteksty interpretacyjne dla lektury dzie\u0142 z innych epok)<\/p>\n<p style=\"line-height: 150%;\"><span style=\"color: #008000;\"><strong>INNE<\/strong><\/span><\/p>\n<p style=\"line-height: 150%;\"><strong>Poziom podstawowy:<\/strong><br \/>\n&#8211; wybrane filmy z tw\u00f3rczo\u015bci polskich re\u017cyser\u00f3w (np. Krzysztofa Kie\u015blowskiego, Andrzeja Munka, Andrzeja Wajdy, Krzysztofa Zanussiego)<br \/>\n&#8211; homilia Jana Paw\u0142a II wyg\u0142oszona 2 czerwca 1979 r. w Warszawie na Pl. Zwyci\u0119stwa (Pi\u0142sudskiego) &#8211; nagranie telewizyjne<\/p>\n<p style=\"line-height: 150%;\"><strong>Poziom rozszerzony:<\/strong><br \/>\n&#8211; wybrane filmy z klasyki kinematografii \u015bwiatowej (np. Ingmara Bergmana, Charlesa Chaplina, Federico Felliniego, Akiry Kurosawy, Orsona Wellesa)<br \/>\n&#8211; spektakle teatralne (w tym Teatru TV) &#8211; przynajmniej jeden w roku<br \/>\n&#8211; sta\u0142a lektura gazety codziennej, tygodnika opinii, miesi\u0119cznika i kwartalnika<\/p>\n","protected":false},"excerpt":{"rendered":"<p>TEKSTY POZNAWANE W CA\u0141O\u015aCI Poziom podstawowy: &#8211; Sofokles &#8222;Antygona&#8221; lub &#8222;Kr\u00f3l Edyp&#8221; (wersja literacka lub spektakl teatralny) &#8211; &#8222;Bogurodzica&#8221;, &#8222;Lament \u015bwi\u0119tokrzyski&#8221; &#8211; Jan Kochanowski &#8211; wybrane pie\u015bni, treny, psalmy &#8211; Miko\u0142aj S\u0119p Szarzy\u0144ski &#8211; wybrane sonety &#8211; William Szekspir &#8222;Makbet&#8221; lub &#8222;Hamlet&#8221; &#8211; Adam Mickiewicz &#8211; wybrane sonety i inne wiersze (w tym &#8222;Romantyczno\u015b\u0107), &#8222;Dziady&#8221; [&hellip;]<\/p>\n","protected":false},"author":2,"featured_media":0,"parent":0,"menu_order":0,"comment_status":"closed","ping_status":"closed","template":"","meta":{"ngg_post_thumbnail":0,"footnotes":""},"class_list":["post-434","page","type-page","status-publish","hentry"],"yoast_head":"<!-- This site is optimized with the Yoast SEO plugin v19.4 - https:\/\/yoast.com\/wordpress\/plugins\/seo\/ -->\n<title>Lektury - II Liceum Og\u00f3lnokszta\u0142c\u0105ce w Lubinie<\/title>\n<meta name=\"robots\" content=\"index, follow, max-snippet:-1, max-image-preview:large, max-video-preview:-1\" \/>\n<link rel=\"canonical\" href=\"https:\/\/2liceum.eu\/index.php\/lektury\/\" \/>\n<meta property=\"og:locale\" content=\"pl_PL\" \/>\n<meta property=\"og:type\" content=\"article\" \/>\n<meta property=\"og:title\" content=\"Lektury - II Liceum Og\u00f3lnokszta\u0142c\u0105ce w Lubinie\" \/>\n<meta property=\"og:description\" content=\"TEKSTY POZNAWANE W CA\u0141O\u015aCI Poziom podstawowy: &#8211; Sofokles &#8222;Antygona&#8221; lub &#8222;Kr\u00f3l Edyp&#8221; (wersja literacka lub spektakl teatralny) &#8211; &#8222;Bogurodzica&#8221;, &#8222;Lament \u015bwi\u0119tokrzyski&#8221; &#8211; Jan Kochanowski &#8211; wybrane pie\u015bni, treny, psalmy &#8211; Miko\u0142aj S\u0119p Szarzy\u0144ski &#8211; wybrane sonety &#8211; William Szekspir &#8222;Makbet&#8221; lub &#8222;Hamlet&#8221; &#8211; Adam Mickiewicz &#8211; wybrane sonety i inne wiersze (w tym &#8222;Romantyczno\u015b\u0107), &#8222;Dziady&#8221; [&hellip;]\" \/>\n<meta property=\"og:url\" content=\"https:\/\/2liceum.eu\/index.php\/lektury\/\" \/>\n<meta property=\"og:site_name\" content=\"II Liceum Og\u00f3lnokszta\u0142c\u0105ce w Lubinie\" \/>\n<meta property=\"article:publisher\" content=\"https:\/\/web.facebook.com\/IILOLubin\/\" \/>\n<meta name=\"twitter:card\" content=\"summary_large_image\" \/>\n<meta name=\"twitter:label1\" content=\"Szacowany czas czytania\" \/>\n\t<meta name=\"twitter:data1\" content=\"4 minuty\" \/>\n<script type=\"application\/ld+json\" class=\"yoast-schema-graph\">{\"@context\":\"https:\/\/schema.org\",\"@graph\":[{\"@type\":\"Organization\",\"@id\":\"https:\/\/2liceum.eu\/#organization\",\"name\":\"II Liceum Og\u00f3lnokszta\u0142c\u0105ce w Lubinie\",\"url\":\"https:\/\/2liceum.eu\/\",\"sameAs\":[\"http:\/\/2lolubin\",\"https:\/\/www.youtube.com\/channel\/UCWjEMxRJYdfvxPhVOn-8g_g\",\"https:\/\/web.facebook.com\/IILOLubin\/\"],\"logo\":{\"@type\":\"ImageObject\",\"inLanguage\":\"pl-PL\",\"@id\":\"https:\/\/2liceum.eu\/#\/schema\/logo\/image\/\",\"url\":\"https:\/\/2liceum.eu\/wp-content\/uploads\/2018\/01\/pobrane.jpg\",\"contentUrl\":\"https:\/\/2liceum.eu\/wp-content\/uploads\/2018\/01\/pobrane.jpg\",\"width\":184,\"height\":183,\"caption\":\"II Liceum Og\u00f3lnokszta\u0142c\u0105ce w Lubinie\"},\"image\":{\"@id\":\"https:\/\/2liceum.eu\/#\/schema\/logo\/image\/\"}},{\"@type\":\"WebSite\",\"@id\":\"https:\/\/2liceum.eu\/#website\",\"url\":\"https:\/\/2liceum.eu\/\",\"name\":\"II Liceum Og\u00f3lnokszta\u0142c\u0105ce w Lubinie\",\"description\":\"Oficjalny portal II LO w Lubinie. Informacje o szkole, kadrze, zaj\u0119ciach dydaktycznych, ko\u0142ach zainteresowa\u0144, wolontariacie. Aktualno\u015bci. Galeria zdj\u0119\u0107.\",\"publisher\":{\"@id\":\"https:\/\/2liceum.eu\/#organization\"},\"potentialAction\":[{\"@type\":\"SearchAction\",\"target\":{\"@type\":\"EntryPoint\",\"urlTemplate\":\"https:\/\/2liceum.eu\/?s={search_term_string}\"},\"query-input\":\"required name=search_term_string\"}],\"inLanguage\":\"pl-PL\"},{\"@type\":\"WebPage\",\"@id\":\"https:\/\/2liceum.eu\/index.php\/lektury\/\",\"url\":\"https:\/\/2liceum.eu\/index.php\/lektury\/\",\"name\":\"Lektury - II Liceum Og\u00f3lnokszta\u0142c\u0105ce w Lubinie\",\"isPartOf\":{\"@id\":\"https:\/\/2liceum.eu\/#website\"},\"datePublished\":\"2018-01-26T09:59:54+00:00\",\"dateModified\":\"2018-01-26T09:59:54+00:00\",\"breadcrumb\":{\"@id\":\"https:\/\/2liceum.eu\/index.php\/lektury\/#breadcrumb\"},\"inLanguage\":\"pl-PL\",\"potentialAction\":[{\"@type\":\"ReadAction\",\"target\":[\"https:\/\/2liceum.eu\/index.php\/lektury\/\"]}]},{\"@type\":\"BreadcrumbList\",\"@id\":\"https:\/\/2liceum.eu\/index.php\/lektury\/#breadcrumb\",\"itemListElement\":[{\"@type\":\"ListItem\",\"position\":1,\"name\":\"Strona g\u0142\u00f3wna\",\"item\":\"https:\/\/2liceum.eu\/\"},{\"@type\":\"ListItem\",\"position\":2,\"name\":\"Lektury\"}]}]}<\/script>\n<!-- \/ Yoast SEO plugin. -->","yoast_head_json":{"title":"Lektury - II Liceum Og\u00f3lnokszta\u0142c\u0105ce w Lubinie","robots":{"index":"index","follow":"follow","max-snippet":"max-snippet:-1","max-image-preview":"max-image-preview:large","max-video-preview":"max-video-preview:-1"},"canonical":"https:\/\/2liceum.eu\/index.php\/lektury\/","og_locale":"pl_PL","og_type":"article","og_title":"Lektury - II Liceum Og\u00f3lnokszta\u0142c\u0105ce w Lubinie","og_description":"TEKSTY POZNAWANE W CA\u0141O\u015aCI Poziom podstawowy: &#8211; Sofokles &#8222;Antygona&#8221; lub &#8222;Kr\u00f3l Edyp&#8221; (wersja literacka lub spektakl teatralny) &#8211; &#8222;Bogurodzica&#8221;, &#8222;Lament \u015bwi\u0119tokrzyski&#8221; &#8211; Jan Kochanowski &#8211; wybrane pie\u015bni, treny, psalmy &#8211; Miko\u0142aj S\u0119p Szarzy\u0144ski &#8211; wybrane sonety &#8211; William Szekspir &#8222;Makbet&#8221; lub &#8222;Hamlet&#8221; &#8211; Adam Mickiewicz &#8211; wybrane sonety i inne wiersze (w tym &#8222;Romantyczno\u015b\u0107), &#8222;Dziady&#8221; [&hellip;]","og_url":"https:\/\/2liceum.eu\/index.php\/lektury\/","og_site_name":"II Liceum Og\u00f3lnokszta\u0142c\u0105ce w Lubinie","article_publisher":"https:\/\/web.facebook.com\/IILOLubin\/","twitter_card":"summary_large_image","twitter_misc":{"Szacowany czas czytania":"4 minuty"},"schema":{"@context":"https:\/\/schema.org","@graph":[{"@type":"Organization","@id":"https:\/\/2liceum.eu\/#organization","name":"II Liceum Og\u00f3lnokszta\u0142c\u0105ce w Lubinie","url":"https:\/\/2liceum.eu\/","sameAs":["http:\/\/2lolubin","https:\/\/www.youtube.com\/channel\/UCWjEMxRJYdfvxPhVOn-8g_g","https:\/\/web.facebook.com\/IILOLubin\/"],"logo":{"@type":"ImageObject","inLanguage":"pl-PL","@id":"https:\/\/2liceum.eu\/#\/schema\/logo\/image\/","url":"https:\/\/2liceum.eu\/wp-content\/uploads\/2018\/01\/pobrane.jpg","contentUrl":"https:\/\/2liceum.eu\/wp-content\/uploads\/2018\/01\/pobrane.jpg","width":184,"height":183,"caption":"II Liceum Og\u00f3lnokszta\u0142c\u0105ce w Lubinie"},"image":{"@id":"https:\/\/2liceum.eu\/#\/schema\/logo\/image\/"}},{"@type":"WebSite","@id":"https:\/\/2liceum.eu\/#website","url":"https:\/\/2liceum.eu\/","name":"II Liceum Og\u00f3lnokszta\u0142c\u0105ce w Lubinie","description":"Oficjalny portal II LO w Lubinie. Informacje o szkole, kadrze, zaj\u0119ciach dydaktycznych, ko\u0142ach zainteresowa\u0144, wolontariacie. Aktualno\u015bci. Galeria zdj\u0119\u0107.","publisher":{"@id":"https:\/\/2liceum.eu\/#organization"},"potentialAction":[{"@type":"SearchAction","target":{"@type":"EntryPoint","urlTemplate":"https:\/\/2liceum.eu\/?s={search_term_string}"},"query-input":"required name=search_term_string"}],"inLanguage":"pl-PL"},{"@type":"WebPage","@id":"https:\/\/2liceum.eu\/index.php\/lektury\/","url":"https:\/\/2liceum.eu\/index.php\/lektury\/","name":"Lektury - II Liceum Og\u00f3lnokszta\u0142c\u0105ce w Lubinie","isPartOf":{"@id":"https:\/\/2liceum.eu\/#website"},"datePublished":"2018-01-26T09:59:54+00:00","dateModified":"2018-01-26T09:59:54+00:00","breadcrumb":{"@id":"https:\/\/2liceum.eu\/index.php\/lektury\/#breadcrumb"},"inLanguage":"pl-PL","potentialAction":[{"@type":"ReadAction","target":["https:\/\/2liceum.eu\/index.php\/lektury\/"]}]},{"@type":"BreadcrumbList","@id":"https:\/\/2liceum.eu\/index.php\/lektury\/#breadcrumb","itemListElement":[{"@type":"ListItem","position":1,"name":"Strona g\u0142\u00f3wna","item":"https:\/\/2liceum.eu\/"},{"@type":"ListItem","position":2,"name":"Lektury"}]}]}},"_links":{"self":[{"href":"https:\/\/2liceum.eu\/index.php\/wp-json\/wp\/v2\/pages\/434","targetHints":{"allow":["GET"]}}],"collection":[{"href":"https:\/\/2liceum.eu\/index.php\/wp-json\/wp\/v2\/pages"}],"about":[{"href":"https:\/\/2liceum.eu\/index.php\/wp-json\/wp\/v2\/types\/page"}],"author":[{"embeddable":true,"href":"https:\/\/2liceum.eu\/index.php\/wp-json\/wp\/v2\/users\/2"}],"replies":[{"embeddable":true,"href":"https:\/\/2liceum.eu\/index.php\/wp-json\/wp\/v2\/comments?post=434"}],"version-history":[{"count":1,"href":"https:\/\/2liceum.eu\/index.php\/wp-json\/wp\/v2\/pages\/434\/revisions"}],"predecessor-version":[{"id":435,"href":"https:\/\/2liceum.eu\/index.php\/wp-json\/wp\/v2\/pages\/434\/revisions\/435"}],"wp:attachment":[{"href":"https:\/\/2liceum.eu\/index.php\/wp-json\/wp\/v2\/media?parent=434"}],"curies":[{"name":"wp","href":"https:\/\/api.w.org\/{rel}","templated":true}]}}