{"id":5643,"date":"2021-02-15T11:15:07","date_gmt":"2021-02-15T10:15:07","guid":{"rendered":"https:\/\/2liceum.eu\/?page_id=5643"},"modified":"2021-02-15T11:31:07","modified_gmt":"2021-02-15T10:31:07","slug":"stefan-wyszynski","status":"publish","type":"page","link":"https:\/\/2liceum.eu\/index.php\/stefan-wyszynski\/","title":{"rendered":"Stefan Wyszy\u0144ski"},"content":{"rendered":"\n<p>&nbsp;<\/p>\n<p style=\"background: white; margin: 0cm 0cm 12.75pt; text-align: justify;\"><span style=\"font-size: 10.5pt; font-family: 'Open Sans',serif; color: #383838;\">Izba uczci\u0142a pami\u0119\u0107 kardyna\u0142a Stefana Wyszy\u0144skiego. W 2021 r. przypada 40. rocznica \u015bmierci, a tak\u017ce 120. urodzin duchownego. W uchwale zwr\u00f3cono uwag\u0119, \u017ce kard. Wyszy\u0144ski by\u0142 g\u0142osicielem uniwersalnych warto\u015bci chrze\u015bcija\u0144skich i m\u0119\u017cem stanu. Wyst\u0119powa\u0142 w imieniu Ojczyzny, domagaj\u0105c si\u0119 od komunistycznych w\u0142adz poszanowania wolno\u015bci religijnej i broni\u0105c polskiej kultury. W tek\u015bcie przypomniano, \u017ce kard. Wyszy\u0144ski podkre\u015bla\u0142 konieczno\u015b\u0107 zrozumienia znaczenia wolno\u015bci Narodu, kt\u00f3ra dla ka\u017cdego obywatela winna by\u0107 wielkim dobrem i rzeczywist\u0105 w\u0142asno\u015bci\u0105. \u201eWolno\u015b\u0107 Narodu by\u0142a dla Prymasa Tysi\u0105clecia priorytetem dzia\u0142alno\u015bci kap\u0142a\u0144skiej i spo\u0142ecznej\u201d \u2013 napisano w dokumencie.<\/span><\/p>\n","protected":false},"excerpt":{"rendered":"<p>&nbsp; Izba uczci\u0142a pami\u0119\u0107 kardyna\u0142a Stefana Wyszy\u0144skiego. W 2021 r. przypada 40. rocznica \u015bmierci, a tak\u017ce 120. urodzin duchownego. W uchwale zwr\u00f3cono uwag\u0119, \u017ce kard. Wyszy\u0144ski by\u0142 g\u0142osicielem uniwersalnych warto\u015bci chrze\u015bcija\u0144skich i m\u0119\u017cem stanu. Wyst\u0119powa\u0142 w imieniu Ojczyzny, domagaj\u0105c si\u0119 od komunistycznych w\u0142adz poszanowania wolno\u015bci religijnej i broni\u0105c polskiej kultury. W tek\u015bcie przypomniano, \u017ce kard. [&hellip;]<\/p>\n","protected":false},"author":2,"featured_media":0,"parent":0,"menu_order":0,"comment_status":"closed","ping_status":"closed","template":"","meta":{"ngg_post_thumbnail":0,"footnotes":""},"class_list":["post-5643","page","type-page","status-publish","hentry"],"yoast_head":"<!-- This site is optimized with the Yoast SEO plugin v19.4 - https:\/\/yoast.com\/wordpress\/plugins\/seo\/ -->\n<title>Stefan Wyszy\u0144ski - II Liceum Og\u00f3lnokszta\u0142c\u0105ce w Lubinie<\/title>\n<meta name=\"robots\" content=\"index, follow, max-snippet:-1, max-image-preview:large, max-video-preview:-1\" \/>\n<link rel=\"canonical\" href=\"https:\/\/2liceum.eu\/index.php\/stefan-wyszynski\/\" \/>\n<meta property=\"og:locale\" content=\"pl_PL\" \/>\n<meta property=\"og:type\" content=\"article\" \/>\n<meta property=\"og:title\" content=\"Stefan Wyszy\u0144ski - II Liceum Og\u00f3lnokszta\u0142c\u0105ce w Lubinie\" \/>\n<meta property=\"og:description\" content=\"&nbsp; Izba uczci\u0142a pami\u0119\u0107 kardyna\u0142a Stefana Wyszy\u0144skiego. W 2021 r. przypada 40. rocznica \u015bmierci, a tak\u017ce 120. urodzin duchownego. W uchwale zwr\u00f3cono uwag\u0119, \u017ce kard. Wyszy\u0144ski by\u0142 g\u0142osicielem uniwersalnych warto\u015bci chrze\u015bcija\u0144skich i m\u0119\u017cem stanu. Wyst\u0119powa\u0142 w imieniu Ojczyzny, domagaj\u0105c si\u0119 od komunistycznych w\u0142adz poszanowania wolno\u015bci religijnej i broni\u0105c polskiej kultury. W tek\u015bcie przypomniano, \u017ce kard. [&hellip;]\" \/>\n<meta property=\"og:url\" content=\"https:\/\/2liceum.eu\/index.php\/stefan-wyszynski\/\" \/>\n<meta property=\"og:site_name\" content=\"II Liceum Og\u00f3lnokszta\u0142c\u0105ce w Lubinie\" \/>\n<meta property=\"article:publisher\" content=\"https:\/\/web.facebook.com\/IILOLubin\/\" \/>\n<meta property=\"article:modified_time\" content=\"2021-02-15T10:31:07+00:00\" \/>\n<meta name=\"twitter:card\" content=\"summary_large_image\" \/>\n<meta name=\"twitter:label1\" content=\"Szacowany czas czytania\" \/>\n\t<meta name=\"twitter:data1\" content=\"1 minuta\" \/>\n<script type=\"application\/ld+json\" class=\"yoast-schema-graph\">{\"@context\":\"https:\/\/schema.org\",\"@graph\":[{\"@type\":\"Organization\",\"@id\":\"https:\/\/2liceum.eu\/#organization\",\"name\":\"II Liceum Og\u00f3lnokszta\u0142c\u0105ce w Lubinie\",\"url\":\"https:\/\/2liceum.eu\/\",\"sameAs\":[\"http:\/\/2lolubin\",\"https:\/\/www.youtube.com\/channel\/UCWjEMxRJYdfvxPhVOn-8g_g\",\"https:\/\/web.facebook.com\/IILOLubin\/\"],\"logo\":{\"@type\":\"ImageObject\",\"inLanguage\":\"pl-PL\",\"@id\":\"https:\/\/2liceum.eu\/#\/schema\/logo\/image\/\",\"url\":\"https:\/\/2liceum.eu\/wp-content\/uploads\/2018\/01\/pobrane.jpg\",\"contentUrl\":\"https:\/\/2liceum.eu\/wp-content\/uploads\/2018\/01\/pobrane.jpg\",\"width\":184,\"height\":183,\"caption\":\"II Liceum Og\u00f3lnokszta\u0142c\u0105ce w Lubinie\"},\"image\":{\"@id\":\"https:\/\/2liceum.eu\/#\/schema\/logo\/image\/\"}},{\"@type\":\"WebSite\",\"@id\":\"https:\/\/2liceum.eu\/#website\",\"url\":\"https:\/\/2liceum.eu\/\",\"name\":\"II Liceum Og\u00f3lnokszta\u0142c\u0105ce w Lubinie\",\"description\":\"Oficjalny portal II LO w Lubinie. Informacje o szkole, kadrze, zaj\u0119ciach dydaktycznych, ko\u0142ach zainteresowa\u0144, wolontariacie. Aktualno\u015bci. Galeria zdj\u0119\u0107.\",\"publisher\":{\"@id\":\"https:\/\/2liceum.eu\/#organization\"},\"potentialAction\":[{\"@type\":\"SearchAction\",\"target\":{\"@type\":\"EntryPoint\",\"urlTemplate\":\"https:\/\/2liceum.eu\/?s={search_term_string}\"},\"query-input\":\"required name=search_term_string\"}],\"inLanguage\":\"pl-PL\"},{\"@type\":\"WebPage\",\"@id\":\"https:\/\/2liceum.eu\/index.php\/stefan-wyszynski\/\",\"url\":\"https:\/\/2liceum.eu\/index.php\/stefan-wyszynski\/\",\"name\":\"Stefan Wyszy\u0144ski - II Liceum Og\u00f3lnokszta\u0142c\u0105ce w Lubinie\",\"isPartOf\":{\"@id\":\"https:\/\/2liceum.eu\/#website\"},\"datePublished\":\"2021-02-15T10:15:07+00:00\",\"dateModified\":\"2021-02-15T10:31:07+00:00\",\"breadcrumb\":{\"@id\":\"https:\/\/2liceum.eu\/index.php\/stefan-wyszynski\/#breadcrumb\"},\"inLanguage\":\"pl-PL\",\"potentialAction\":[{\"@type\":\"ReadAction\",\"target\":[\"https:\/\/2liceum.eu\/index.php\/stefan-wyszynski\/\"]}]},{\"@type\":\"BreadcrumbList\",\"@id\":\"https:\/\/2liceum.eu\/index.php\/stefan-wyszynski\/#breadcrumb\",\"itemListElement\":[{\"@type\":\"ListItem\",\"position\":1,\"name\":\"Strona g\u0142\u00f3wna\",\"item\":\"https:\/\/2liceum.eu\/\"},{\"@type\":\"ListItem\",\"position\":2,\"name\":\"Stefan Wyszy\u0144ski\"}]}]}<\/script>\n<!-- \/ Yoast SEO plugin. -->","yoast_head_json":{"title":"Stefan Wyszy\u0144ski - II Liceum Og\u00f3lnokszta\u0142c\u0105ce w Lubinie","robots":{"index":"index","follow":"follow","max-snippet":"max-snippet:-1","max-image-preview":"max-image-preview:large","max-video-preview":"max-video-preview:-1"},"canonical":"https:\/\/2liceum.eu\/index.php\/stefan-wyszynski\/","og_locale":"pl_PL","og_type":"article","og_title":"Stefan Wyszy\u0144ski - II Liceum Og\u00f3lnokszta\u0142c\u0105ce w Lubinie","og_description":"&nbsp; Izba uczci\u0142a pami\u0119\u0107 kardyna\u0142a Stefana Wyszy\u0144skiego. W 2021 r. przypada 40. rocznica \u015bmierci, a tak\u017ce 120. urodzin duchownego. W uchwale zwr\u00f3cono uwag\u0119, \u017ce kard. Wyszy\u0144ski by\u0142 g\u0142osicielem uniwersalnych warto\u015bci chrze\u015bcija\u0144skich i m\u0119\u017cem stanu. Wyst\u0119powa\u0142 w imieniu Ojczyzny, domagaj\u0105c si\u0119 od komunistycznych w\u0142adz poszanowania wolno\u015bci religijnej i broni\u0105c polskiej kultury. W tek\u015bcie przypomniano, \u017ce kard. [&hellip;]","og_url":"https:\/\/2liceum.eu\/index.php\/stefan-wyszynski\/","og_site_name":"II Liceum Og\u00f3lnokszta\u0142c\u0105ce w Lubinie","article_publisher":"https:\/\/web.facebook.com\/IILOLubin\/","article_modified_time":"2021-02-15T10:31:07+00:00","twitter_card":"summary_large_image","twitter_misc":{"Szacowany czas czytania":"1 minuta"},"schema":{"@context":"https:\/\/schema.org","@graph":[{"@type":"Organization","@id":"https:\/\/2liceum.eu\/#organization","name":"II Liceum Og\u00f3lnokszta\u0142c\u0105ce w Lubinie","url":"https:\/\/2liceum.eu\/","sameAs":["http:\/\/2lolubin","https:\/\/www.youtube.com\/channel\/UCWjEMxRJYdfvxPhVOn-8g_g","https:\/\/web.facebook.com\/IILOLubin\/"],"logo":{"@type":"ImageObject","inLanguage":"pl-PL","@id":"https:\/\/2liceum.eu\/#\/schema\/logo\/image\/","url":"https:\/\/2liceum.eu\/wp-content\/uploads\/2018\/01\/pobrane.jpg","contentUrl":"https:\/\/2liceum.eu\/wp-content\/uploads\/2018\/01\/pobrane.jpg","width":184,"height":183,"caption":"II Liceum Og\u00f3lnokszta\u0142c\u0105ce w Lubinie"},"image":{"@id":"https:\/\/2liceum.eu\/#\/schema\/logo\/image\/"}},{"@type":"WebSite","@id":"https:\/\/2liceum.eu\/#website","url":"https:\/\/2liceum.eu\/","name":"II Liceum Og\u00f3lnokszta\u0142c\u0105ce w Lubinie","description":"Oficjalny portal II LO w Lubinie. Informacje o szkole, kadrze, zaj\u0119ciach dydaktycznych, ko\u0142ach zainteresowa\u0144, wolontariacie. Aktualno\u015bci. Galeria zdj\u0119\u0107.","publisher":{"@id":"https:\/\/2liceum.eu\/#organization"},"potentialAction":[{"@type":"SearchAction","target":{"@type":"EntryPoint","urlTemplate":"https:\/\/2liceum.eu\/?s={search_term_string}"},"query-input":"required name=search_term_string"}],"inLanguage":"pl-PL"},{"@type":"WebPage","@id":"https:\/\/2liceum.eu\/index.php\/stefan-wyszynski\/","url":"https:\/\/2liceum.eu\/index.php\/stefan-wyszynski\/","name":"Stefan Wyszy\u0144ski - II Liceum Og\u00f3lnokszta\u0142c\u0105ce w Lubinie","isPartOf":{"@id":"https:\/\/2liceum.eu\/#website"},"datePublished":"2021-02-15T10:15:07+00:00","dateModified":"2021-02-15T10:31:07+00:00","breadcrumb":{"@id":"https:\/\/2liceum.eu\/index.php\/stefan-wyszynski\/#breadcrumb"},"inLanguage":"pl-PL","potentialAction":[{"@type":"ReadAction","target":["https:\/\/2liceum.eu\/index.php\/stefan-wyszynski\/"]}]},{"@type":"BreadcrumbList","@id":"https:\/\/2liceum.eu\/index.php\/stefan-wyszynski\/#breadcrumb","itemListElement":[{"@type":"ListItem","position":1,"name":"Strona g\u0142\u00f3wna","item":"https:\/\/2liceum.eu\/"},{"@type":"ListItem","position":2,"name":"Stefan Wyszy\u0144ski"}]}]}},"_links":{"self":[{"href":"https:\/\/2liceum.eu\/index.php\/wp-json\/wp\/v2\/pages\/5643","targetHints":{"allow":["GET"]}}],"collection":[{"href":"https:\/\/2liceum.eu\/index.php\/wp-json\/wp\/v2\/pages"}],"about":[{"href":"https:\/\/2liceum.eu\/index.php\/wp-json\/wp\/v2\/types\/page"}],"author":[{"embeddable":true,"href":"https:\/\/2liceum.eu\/index.php\/wp-json\/wp\/v2\/users\/2"}],"replies":[{"embeddable":true,"href":"https:\/\/2liceum.eu\/index.php\/wp-json\/wp\/v2\/comments?post=5643"}],"version-history":[{"count":2,"href":"https:\/\/2liceum.eu\/index.php\/wp-json\/wp\/v2\/pages\/5643\/revisions"}],"predecessor-version":[{"id":5662,"href":"https:\/\/2liceum.eu\/index.php\/wp-json\/wp\/v2\/pages\/5643\/revisions\/5662"}],"wp:attachment":[{"href":"https:\/\/2liceum.eu\/index.php\/wp-json\/wp\/v2\/media?parent=5643"}],"curies":[{"name":"wp","href":"https:\/\/api.w.org\/{rel}","templated":true}]}}