{"id":5784,"date":"2021-03-31T10:17:07","date_gmt":"2021-03-31T08:17:07","guid":{"rendered":"https:\/\/2liceum.eu\/?page_id=5784"},"modified":"2021-03-31T10:26:30","modified_gmt":"2021-03-31T08:26:30","slug":"dostepnosc-cyfrowa","status":"publish","type":"page","link":"https:\/\/2liceum.eu\/index.php\/dostepnosc-cyfrowa\/","title":{"rendered":"Dost\u0119pno\u015b\u0107 cyfrowa"},"content":{"rendered":"\n<p style=\"text-align: justify;\">&nbsp;<\/p>\n<p style=\"text-align: justify;\">II Liceum Og\u00f3lnokszta\u0142c\u0105ce w&nbsp;Lubinie&nbsp;zobowi\u0105zuje si\u0119 zapewni\u0107 dost\u0119pno\u015b\u0107 swojej strony internetowej zgodnie z&nbsp;przepisami ustawy z&nbsp;dnia 4&nbsp;kwietnia 2019&nbsp;r. o&nbsp;dost\u0119pno\u015bci cyfrowej stron internetowych i&nbsp;aplikacji mobilnych podmiot\u00f3w publicznych. O\u015bwiadczenie w&nbsp;sprawie dost\u0119pno\u015bci ma zastosowanie do&nbsp;strony internetowej&nbsp;II Liceum Og\u00f3lnokszta\u0142c\u0105cego w&nbsp;Lubinie.<\/p>\n<p style=\"text-align: justify;\">Data publikacji strony internetowej:&nbsp;01.11.2017<\/p>\n<p style=\"text-align: justify;\">Data ostatniej du\u017cej aktualizacji:&nbsp;01.11.2017<\/p>\n<p style=\"text-align: justify;\">Strona internetowa jest&nbsp;cz\u0119\u015bciowo zgodna&nbsp;z&nbsp;ustaw\u0105 o&nbsp;dost\u0119pno\u015bci cyfrowej stron internetowych i&nbsp;aplikacji mobilnych podmiot\u00f3w publicznych z&nbsp;powodu niezgodno\u015bci lub wy\u0142\u0105cze\u0144 wymienionych poni\u017cej:<\/p>\n<ul style=\"text-align: justify;\">\n<li>na&nbsp;stronie internetowej znajduj\u0105 si\u0119 filmy do&nbsp;kt\u00f3rych&nbsp;nie&nbsp;dodano napis\u00f3w dla os\u00f3b g\u0142uchych, poniewa\u017c zosta\u0142y opublikowane przed&nbsp;obowi\u0105zywaniem stosownych przepis\u00f3w;<\/li>\n<li>na&nbsp;stronie brakuje w&nbsp;niekt\u00f3rych przypadkach alternatywnych opis\u00f3w zdj\u0119\u0107, maj\u0105 one charakter promocyjny i&nbsp;nie&nbsp;s\u0105 wykorzystywane do&nbsp;realizacji bie\u017c\u0105cych zada\u0144;<\/li>\n<li>nie&nbsp;wszystkie multimedialne elementy wizualne posiadaj\u0105 mo\u017cliw\u0105 do&nbsp;uruchomienia bezwzrokowo audiodeskrypcj\u0119.<\/li>\n<\/ul>\n<p style=\"text-align: justify;\">O\u015bwiadczenie sporz\u0105dzono dnia:&nbsp;09.12.2020.<\/p>\n<p style=\"text-align: justify;\">Deklaracj\u0119 sporz\u0105dzono na&nbsp;podstawie samooceny przeprowadzonej przez&nbsp;podmiot publiczny.<\/p>\n<p style=\"text-align: justify;\">Na&nbsp;stronie internetowej mo\u017cna korzysta\u0107 ze&nbsp;standardowych skr\u00f3t\u00f3w klawiaturowych.<\/p>\n<p style=\"text-align: justify;\"><strong>Strona posiada nast\u0119puj\u0105ce u\u0142atwienia dla os\u00f3b z&nbsp;niepe\u0142nosprawno\u015bciami:<\/strong><\/p>\n<p style=\"text-align: justify;\">Serwis jest wyposa\u017cony w&nbsp;mechanizmy u\u0142atwiaj\u0105ce przegl\u0105danie tre\u015bci przez&nbsp;osoby niedowidz\u0105ce:<\/p>\n<ol style=\"text-align: justify;\">\n<li>zmiana wielko\u015bci czcionki,<\/li>\n<li>zmiana kontrastu,<\/li>\n<li>jasne t\u0142o,<\/li>\n<li>podkre\u015blenie link\u00f3w,<\/li>\n<li>zastosowanie mechanizmu w\u0142\u0105czaj\u0105cego czcionk\u0119 u\u0142atwiaj\u0105c\u0105&nbsp; czytanie,<\/li>\n<li>wi\u0119kszo\u015b\u0107 z&nbsp;grafik zosta\u0142a opatrzona atrybutem alt z&nbsp;opisem,<\/li>\n<li>ca\u0142o\u015b\u0107 serwisu oparta jest na&nbsp;stylach CSS.<\/li>\n<\/ol>\n<p style=\"text-align: justify;\">Serwis jest w&nbsp;pe\u0142ni rozpoznawalny przez&nbsp;programy czytaj\u0105ce dla os\u00f3b niewidomych. Obs\u0142uga serwisu mo\u017cliwa jest zar\u00f3wno przy pomocy klawiatury jak i&nbsp;myszki.<strong>&nbsp;<\/strong>Wszystkie strony zawieraj\u0105 okienko wyszukiwarki. Serwis nie&nbsp;jest wyposa\u017cony w&nbsp;skr\u00f3ty klawiaturowe, kt\u00f3re mog\u0142y by&nbsp;wchodzi\u0107 w&nbsp;konflikt z&nbsp;technologiami asystuj\u0105cymi (np.&nbsp;programy czytaj\u0105ce), systemem lub aplikacjami u\u017cytkownik\u00f3w.<\/p>\n\n\n","protected":false},"excerpt":{"rendered":"<p>&nbsp; II Liceum Og\u00f3lnokszta\u0142c\u0105ce w&nbsp;Lubinie&nbsp;zobowi\u0105zuje si\u0119 zapewni\u0107 dost\u0119pno\u015b\u0107 swojej strony internetowej zgodnie z&nbsp;przepisami ustawy z&nbsp;dnia 4&nbsp;kwietnia 2019&nbsp;r. o&nbsp;dost\u0119pno\u015bci cyfrowej stron internetowych i&nbsp;aplikacji mobilnych podmiot\u00f3w publicznych. O\u015bwiadczenie w&nbsp;sprawie dost\u0119pno\u015bci ma zastosowanie do&nbsp;strony internetowej&nbsp;II Liceum Og\u00f3lnokszta\u0142c\u0105cego w&nbsp;Lubinie. Data publikacji strony internetowej:&nbsp;01.11.2017 Data ostatniej du\u017cej aktualizacji:&nbsp;01.11.2017 Strona internetowa jest&nbsp;cz\u0119\u015bciowo zgodna&nbsp;z&nbsp;ustaw\u0105 o&nbsp;dost\u0119pno\u015bci cyfrowej stron internetowych i&nbsp;aplikacji mobilnych podmiot\u00f3w publicznych [&hellip;]<\/p>\n","protected":false},"author":2,"featured_media":0,"parent":0,"menu_order":0,"comment_status":"closed","ping_status":"closed","template":"","meta":{"ngg_post_thumbnail":0,"footnotes":""},"class_list":["post-5784","page","type-page","status-publish","hentry"],"yoast_head":"<!-- This site is optimized with the Yoast SEO plugin v19.4 - https:\/\/yoast.com\/wordpress\/plugins\/seo\/ -->\n<title>Dost\u0119pno\u015b\u0107 cyfrowa - II Liceum Og\u00f3lnokszta\u0142c\u0105ce w Lubinie<\/title>\n<meta name=\"robots\" content=\"index, follow, max-snippet:-1, max-image-preview:large, max-video-preview:-1\" \/>\n<link rel=\"canonical\" href=\"https:\/\/2liceum.eu\/index.php\/dostepnosc-cyfrowa\/\" \/>\n<meta property=\"og:locale\" content=\"pl_PL\" \/>\n<meta property=\"og:type\" content=\"article\" \/>\n<meta property=\"og:title\" content=\"Dost\u0119pno\u015b\u0107 cyfrowa - II Liceum Og\u00f3lnokszta\u0142c\u0105ce w Lubinie\" \/>\n<meta property=\"og:description\" content=\"&nbsp; II Liceum Og\u00f3lnokszta\u0142c\u0105ce w&nbsp;Lubinie&nbsp;zobowi\u0105zuje si\u0119 zapewni\u0107 dost\u0119pno\u015b\u0107 swojej strony internetowej zgodnie z&nbsp;przepisami ustawy z&nbsp;dnia 4&nbsp;kwietnia 2019&nbsp;r. o&nbsp;dost\u0119pno\u015bci cyfrowej stron internetowych i&nbsp;aplikacji mobilnych podmiot\u00f3w publicznych. O\u015bwiadczenie w&nbsp;sprawie dost\u0119pno\u015bci ma zastosowanie do&nbsp;strony internetowej&nbsp;II Liceum Og\u00f3lnokszta\u0142c\u0105cego w&nbsp;Lubinie. Data publikacji strony internetowej:&nbsp;01.11.2017 Data ostatniej du\u017cej aktualizacji:&nbsp;01.11.2017 Strona internetowa jest&nbsp;cz\u0119\u015bciowo zgodna&nbsp;z&nbsp;ustaw\u0105 o&nbsp;dost\u0119pno\u015bci cyfrowej stron internetowych i&nbsp;aplikacji mobilnych podmiot\u00f3w publicznych [&hellip;]\" \/>\n<meta property=\"og:url\" content=\"https:\/\/2liceum.eu\/index.php\/dostepnosc-cyfrowa\/\" \/>\n<meta property=\"og:site_name\" content=\"II Liceum Og\u00f3lnokszta\u0142c\u0105ce w Lubinie\" \/>\n<meta property=\"article:publisher\" content=\"https:\/\/web.facebook.com\/IILOLubin\/\" \/>\n<meta property=\"article:modified_time\" content=\"2021-03-31T08:26:30+00:00\" \/>\n<meta name=\"twitter:card\" content=\"summary_large_image\" \/>\n<meta name=\"twitter:label1\" content=\"Szacowany czas czytania\" \/>\n\t<meta name=\"twitter:data1\" content=\"1 minuta\" \/>\n<script type=\"application\/ld+json\" class=\"yoast-schema-graph\">{\"@context\":\"https:\/\/schema.org\",\"@graph\":[{\"@type\":\"Organization\",\"@id\":\"https:\/\/2liceum.eu\/#organization\",\"name\":\"II Liceum Og\u00f3lnokszta\u0142c\u0105ce w Lubinie\",\"url\":\"https:\/\/2liceum.eu\/\",\"sameAs\":[\"http:\/\/2lolubin\",\"https:\/\/www.youtube.com\/channel\/UCWjEMxRJYdfvxPhVOn-8g_g\",\"https:\/\/web.facebook.com\/IILOLubin\/\"],\"logo\":{\"@type\":\"ImageObject\",\"inLanguage\":\"pl-PL\",\"@id\":\"https:\/\/2liceum.eu\/#\/schema\/logo\/image\/\",\"url\":\"https:\/\/2liceum.eu\/wp-content\/uploads\/2018\/01\/pobrane.jpg\",\"contentUrl\":\"https:\/\/2liceum.eu\/wp-content\/uploads\/2018\/01\/pobrane.jpg\",\"width\":184,\"height\":183,\"caption\":\"II Liceum Og\u00f3lnokszta\u0142c\u0105ce w Lubinie\"},\"image\":{\"@id\":\"https:\/\/2liceum.eu\/#\/schema\/logo\/image\/\"}},{\"@type\":\"WebSite\",\"@id\":\"https:\/\/2liceum.eu\/#website\",\"url\":\"https:\/\/2liceum.eu\/\",\"name\":\"II Liceum Og\u00f3lnokszta\u0142c\u0105ce w Lubinie\",\"description\":\"Oficjalny portal II LO w Lubinie. Informacje o szkole, kadrze, zaj\u0119ciach dydaktycznych, ko\u0142ach zainteresowa\u0144, wolontariacie. Aktualno\u015bci. Galeria zdj\u0119\u0107.\",\"publisher\":{\"@id\":\"https:\/\/2liceum.eu\/#organization\"},\"potentialAction\":[{\"@type\":\"SearchAction\",\"target\":{\"@type\":\"EntryPoint\",\"urlTemplate\":\"https:\/\/2liceum.eu\/?s={search_term_string}\"},\"query-input\":\"required name=search_term_string\"}],\"inLanguage\":\"pl-PL\"},{\"@type\":\"WebPage\",\"@id\":\"https:\/\/2liceum.eu\/index.php\/dostepnosc-cyfrowa\/\",\"url\":\"https:\/\/2liceum.eu\/index.php\/dostepnosc-cyfrowa\/\",\"name\":\"Dost\u0119pno\u015b\u0107 cyfrowa - II Liceum Og\u00f3lnokszta\u0142c\u0105ce w Lubinie\",\"isPartOf\":{\"@id\":\"https:\/\/2liceum.eu\/#website\"},\"datePublished\":\"2021-03-31T08:17:07+00:00\",\"dateModified\":\"2021-03-31T08:26:30+00:00\",\"breadcrumb\":{\"@id\":\"https:\/\/2liceum.eu\/index.php\/dostepnosc-cyfrowa\/#breadcrumb\"},\"inLanguage\":\"pl-PL\",\"potentialAction\":[{\"@type\":\"ReadAction\",\"target\":[\"https:\/\/2liceum.eu\/index.php\/dostepnosc-cyfrowa\/\"]}]},{\"@type\":\"BreadcrumbList\",\"@id\":\"https:\/\/2liceum.eu\/index.php\/dostepnosc-cyfrowa\/#breadcrumb\",\"itemListElement\":[{\"@type\":\"ListItem\",\"position\":1,\"name\":\"Strona g\u0142\u00f3wna\",\"item\":\"https:\/\/2liceum.eu\/\"},{\"@type\":\"ListItem\",\"position\":2,\"name\":\"Dost\u0119pno\u015b\u0107 cyfrowa\"}]}]}<\/script>\n<!-- \/ Yoast SEO plugin. -->","yoast_head_json":{"title":"Dost\u0119pno\u015b\u0107 cyfrowa - II Liceum Og\u00f3lnokszta\u0142c\u0105ce w Lubinie","robots":{"index":"index","follow":"follow","max-snippet":"max-snippet:-1","max-image-preview":"max-image-preview:large","max-video-preview":"max-video-preview:-1"},"canonical":"https:\/\/2liceum.eu\/index.php\/dostepnosc-cyfrowa\/","og_locale":"pl_PL","og_type":"article","og_title":"Dost\u0119pno\u015b\u0107 cyfrowa - II Liceum Og\u00f3lnokszta\u0142c\u0105ce w Lubinie","og_description":"&nbsp; II Liceum Og\u00f3lnokszta\u0142c\u0105ce w&nbsp;Lubinie&nbsp;zobowi\u0105zuje si\u0119 zapewni\u0107 dost\u0119pno\u015b\u0107 swojej strony internetowej zgodnie z&nbsp;przepisami ustawy z&nbsp;dnia 4&nbsp;kwietnia 2019&nbsp;r. o&nbsp;dost\u0119pno\u015bci cyfrowej stron internetowych i&nbsp;aplikacji mobilnych podmiot\u00f3w publicznych. O\u015bwiadczenie w&nbsp;sprawie dost\u0119pno\u015bci ma zastosowanie do&nbsp;strony internetowej&nbsp;II Liceum Og\u00f3lnokszta\u0142c\u0105cego w&nbsp;Lubinie. Data publikacji strony internetowej:&nbsp;01.11.2017 Data ostatniej du\u017cej aktualizacji:&nbsp;01.11.2017 Strona internetowa jest&nbsp;cz\u0119\u015bciowo zgodna&nbsp;z&nbsp;ustaw\u0105 o&nbsp;dost\u0119pno\u015bci cyfrowej stron internetowych i&nbsp;aplikacji mobilnych podmiot\u00f3w publicznych [&hellip;]","og_url":"https:\/\/2liceum.eu\/index.php\/dostepnosc-cyfrowa\/","og_site_name":"II Liceum Og\u00f3lnokszta\u0142c\u0105ce w Lubinie","article_publisher":"https:\/\/web.facebook.com\/IILOLubin\/","article_modified_time":"2021-03-31T08:26:30+00:00","twitter_card":"summary_large_image","twitter_misc":{"Szacowany czas czytania":"1 minuta"},"schema":{"@context":"https:\/\/schema.org","@graph":[{"@type":"Organization","@id":"https:\/\/2liceum.eu\/#organization","name":"II Liceum Og\u00f3lnokszta\u0142c\u0105ce w Lubinie","url":"https:\/\/2liceum.eu\/","sameAs":["http:\/\/2lolubin","https:\/\/www.youtube.com\/channel\/UCWjEMxRJYdfvxPhVOn-8g_g","https:\/\/web.facebook.com\/IILOLubin\/"],"logo":{"@type":"ImageObject","inLanguage":"pl-PL","@id":"https:\/\/2liceum.eu\/#\/schema\/logo\/image\/","url":"https:\/\/2liceum.eu\/wp-content\/uploads\/2018\/01\/pobrane.jpg","contentUrl":"https:\/\/2liceum.eu\/wp-content\/uploads\/2018\/01\/pobrane.jpg","width":184,"height":183,"caption":"II Liceum Og\u00f3lnokszta\u0142c\u0105ce w Lubinie"},"image":{"@id":"https:\/\/2liceum.eu\/#\/schema\/logo\/image\/"}},{"@type":"WebSite","@id":"https:\/\/2liceum.eu\/#website","url":"https:\/\/2liceum.eu\/","name":"II Liceum Og\u00f3lnokszta\u0142c\u0105ce w Lubinie","description":"Oficjalny portal II LO w Lubinie. Informacje o szkole, kadrze, zaj\u0119ciach dydaktycznych, ko\u0142ach zainteresowa\u0144, wolontariacie. Aktualno\u015bci. Galeria zdj\u0119\u0107.","publisher":{"@id":"https:\/\/2liceum.eu\/#organization"},"potentialAction":[{"@type":"SearchAction","target":{"@type":"EntryPoint","urlTemplate":"https:\/\/2liceum.eu\/?s={search_term_string}"},"query-input":"required name=search_term_string"}],"inLanguage":"pl-PL"},{"@type":"WebPage","@id":"https:\/\/2liceum.eu\/index.php\/dostepnosc-cyfrowa\/","url":"https:\/\/2liceum.eu\/index.php\/dostepnosc-cyfrowa\/","name":"Dost\u0119pno\u015b\u0107 cyfrowa - II Liceum Og\u00f3lnokszta\u0142c\u0105ce w Lubinie","isPartOf":{"@id":"https:\/\/2liceum.eu\/#website"},"datePublished":"2021-03-31T08:17:07+00:00","dateModified":"2021-03-31T08:26:30+00:00","breadcrumb":{"@id":"https:\/\/2liceum.eu\/index.php\/dostepnosc-cyfrowa\/#breadcrumb"},"inLanguage":"pl-PL","potentialAction":[{"@type":"ReadAction","target":["https:\/\/2liceum.eu\/index.php\/dostepnosc-cyfrowa\/"]}]},{"@type":"BreadcrumbList","@id":"https:\/\/2liceum.eu\/index.php\/dostepnosc-cyfrowa\/#breadcrumb","itemListElement":[{"@type":"ListItem","position":1,"name":"Strona g\u0142\u00f3wna","item":"https:\/\/2liceum.eu\/"},{"@type":"ListItem","position":2,"name":"Dost\u0119pno\u015b\u0107 cyfrowa"}]}]}},"_links":{"self":[{"href":"https:\/\/2liceum.eu\/index.php\/wp-json\/wp\/v2\/pages\/5784","targetHints":{"allow":["GET"]}}],"collection":[{"href":"https:\/\/2liceum.eu\/index.php\/wp-json\/wp\/v2\/pages"}],"about":[{"href":"https:\/\/2liceum.eu\/index.php\/wp-json\/wp\/v2\/types\/page"}],"author":[{"embeddable":true,"href":"https:\/\/2liceum.eu\/index.php\/wp-json\/wp\/v2\/users\/2"}],"replies":[{"embeddable":true,"href":"https:\/\/2liceum.eu\/index.php\/wp-json\/wp\/v2\/comments?post=5784"}],"version-history":[{"count":2,"href":"https:\/\/2liceum.eu\/index.php\/wp-json\/wp\/v2\/pages\/5784\/revisions"}],"predecessor-version":[{"id":5798,"href":"https:\/\/2liceum.eu\/index.php\/wp-json\/wp\/v2\/pages\/5784\/revisions\/5798"}],"wp:attachment":[{"href":"https:\/\/2liceum.eu\/index.php\/wp-json\/wp\/v2\/media?parent=5784"}],"curies":[{"name":"wp","href":"https:\/\/api.w.org\/{rel}","templated":true}]}}