{"id":58,"date":"2017-11-07T21:42:28","date_gmt":"2017-11-07T20:42:28","guid":{"rendered":"http:\/\/2liceum.eu\/?page_id=58"},"modified":"2017-11-07T21:42:28","modified_gmt":"2017-11-07T20:42:28","slug":"kadra","status":"publish","type":"page","link":"https:\/\/2liceum.eu\/index.php\/kadra\/","title":{"rendered":"Kadra"},"content":{"rendered":"<p>Kadra<\/p>\n<p>Pracownicy naszej szko\u0142y to zesp\u00f3\u0142 profesjonalist\u00f3w, kt\u00f3rego g\u0142\u00f3wnym celem jest przekazanie m\u0142odzie\u017cy wiedzy i umiej\u0119tno\u015bci niezb\u0119dnych do podj\u0119cia nauki na studiach wy\u017cszych.<\/p>\n<p>W II LO pracuje 50 nauczycieli, z kt\u00f3rych wi\u0119kszo\u015b\u0107 jest zwi\u0105zana ze szko\u0142\u0105 od wielu lat. Ich prac\u0119 wspomagaj\u0105 pedagog i psycholog.<\/p>\n<p>Szkolna piel\u0119gniarka udziela potrzebuj\u0105cym podstawowej pomocy medycznej. Dwie osoby pracuj\u0105 w bibliotece i czytelni. Dwie osoby zapewniaj\u0105 obs\u0142ug\u0119 sekretariatu. Administrator dba o szkoln\u0105 sie\u0107 komputerow\u0105.<\/p>\n","protected":false},"excerpt":{"rendered":"<p>Kadra Pracownicy naszej szko\u0142y to zesp\u00f3\u0142 profesjonalist\u00f3w, kt\u00f3rego g\u0142\u00f3wnym celem jest przekazanie m\u0142odzie\u017cy wiedzy i umiej\u0119tno\u015bci niezb\u0119dnych do podj\u0119cia nauki na studiach wy\u017cszych. W II LO pracuje 50 nauczycieli, z kt\u00f3rych wi\u0119kszo\u015b\u0107 jest zwi\u0105zana ze szko\u0142\u0105 od wielu lat. Ich prac\u0119 wspomagaj\u0105 pedagog i psycholog. Szkolna piel\u0119gniarka udziela potrzebuj\u0105cym podstawowej pomocy medycznej. Dwie osoby pracuj\u0105 [&hellip;]<\/p>\n","protected":false},"author":1,"featured_media":0,"parent":0,"menu_order":0,"comment_status":"closed","ping_status":"closed","template":"","meta":{"ngg_post_thumbnail":0,"footnotes":""},"class_list":["post-58","page","type-page","status-publish","hentry"],"yoast_head":"<!-- This site is optimized with the Yoast SEO plugin v19.4 - https:\/\/yoast.com\/wordpress\/plugins\/seo\/ -->\n<title>Kadra - II Liceum Og\u00f3lnokszta\u0142c\u0105ce w Lubinie<\/title>\n<meta name=\"robots\" content=\"index, follow, max-snippet:-1, max-image-preview:large, max-video-preview:-1\" \/>\n<link rel=\"canonical\" href=\"https:\/\/2liceum.eu\/index.php\/kadra\/\" \/>\n<meta property=\"og:locale\" content=\"pl_PL\" \/>\n<meta property=\"og:type\" content=\"article\" \/>\n<meta property=\"og:title\" content=\"Kadra - II Liceum Og\u00f3lnokszta\u0142c\u0105ce w Lubinie\" \/>\n<meta property=\"og:description\" content=\"Kadra Pracownicy naszej szko\u0142y to zesp\u00f3\u0142 profesjonalist\u00f3w, kt\u00f3rego g\u0142\u00f3wnym celem jest przekazanie m\u0142odzie\u017cy wiedzy i umiej\u0119tno\u015bci niezb\u0119dnych do podj\u0119cia nauki na studiach wy\u017cszych. W II LO pracuje 50 nauczycieli, z kt\u00f3rych wi\u0119kszo\u015b\u0107 jest zwi\u0105zana ze szko\u0142\u0105 od wielu lat. Ich prac\u0119 wspomagaj\u0105 pedagog i psycholog. Szkolna piel\u0119gniarka udziela potrzebuj\u0105cym podstawowej pomocy medycznej. Dwie osoby pracuj\u0105 [&hellip;]\" \/>\n<meta property=\"og:url\" content=\"https:\/\/2liceum.eu\/index.php\/kadra\/\" \/>\n<meta property=\"og:site_name\" content=\"II Liceum Og\u00f3lnokszta\u0142c\u0105ce w Lubinie\" \/>\n<meta property=\"article:publisher\" content=\"https:\/\/web.facebook.com\/IILOLubin\/\" \/>\n<meta name=\"twitter:card\" content=\"summary_large_image\" \/>\n<script type=\"application\/ld+json\" class=\"yoast-schema-graph\">{\"@context\":\"https:\/\/schema.org\",\"@graph\":[{\"@type\":\"Organization\",\"@id\":\"https:\/\/2liceum.eu\/#organization\",\"name\":\"II Liceum Og\u00f3lnokszta\u0142c\u0105ce w Lubinie\",\"url\":\"https:\/\/2liceum.eu\/\",\"sameAs\":[\"http:\/\/2lolubin\",\"https:\/\/www.youtube.com\/channel\/UCWjEMxRJYdfvxPhVOn-8g_g\",\"https:\/\/web.facebook.com\/IILOLubin\/\"],\"logo\":{\"@type\":\"ImageObject\",\"inLanguage\":\"pl-PL\",\"@id\":\"https:\/\/2liceum.eu\/#\/schema\/logo\/image\/\",\"url\":\"https:\/\/2liceum.eu\/wp-content\/uploads\/2018\/01\/pobrane.jpg\",\"contentUrl\":\"https:\/\/2liceum.eu\/wp-content\/uploads\/2018\/01\/pobrane.jpg\",\"width\":184,\"height\":183,\"caption\":\"II Liceum Og\u00f3lnokszta\u0142c\u0105ce w Lubinie\"},\"image\":{\"@id\":\"https:\/\/2liceum.eu\/#\/schema\/logo\/image\/\"}},{\"@type\":\"WebSite\",\"@id\":\"https:\/\/2liceum.eu\/#website\",\"url\":\"https:\/\/2liceum.eu\/\",\"name\":\"II Liceum Og\u00f3lnokszta\u0142c\u0105ce w Lubinie\",\"description\":\"Oficjalny portal II LO w Lubinie. Informacje o szkole, kadrze, zaj\u0119ciach dydaktycznych, ko\u0142ach zainteresowa\u0144, wolontariacie. Aktualno\u015bci. Galeria zdj\u0119\u0107.\",\"publisher\":{\"@id\":\"https:\/\/2liceum.eu\/#organization\"},\"potentialAction\":[{\"@type\":\"SearchAction\",\"target\":{\"@type\":\"EntryPoint\",\"urlTemplate\":\"https:\/\/2liceum.eu\/?s={search_term_string}\"},\"query-input\":\"required name=search_term_string\"}],\"inLanguage\":\"pl-PL\"},{\"@type\":\"WebPage\",\"@id\":\"https:\/\/2liceum.eu\/index.php\/kadra\/\",\"url\":\"https:\/\/2liceum.eu\/index.php\/kadra\/\",\"name\":\"Kadra - II Liceum Og\u00f3lnokszta\u0142c\u0105ce w Lubinie\",\"isPartOf\":{\"@id\":\"https:\/\/2liceum.eu\/#website\"},\"datePublished\":\"2017-11-07T20:42:28+00:00\",\"dateModified\":\"2017-11-07T20:42:28+00:00\",\"breadcrumb\":{\"@id\":\"https:\/\/2liceum.eu\/index.php\/kadra\/#breadcrumb\"},\"inLanguage\":\"pl-PL\",\"potentialAction\":[{\"@type\":\"ReadAction\",\"target\":[\"https:\/\/2liceum.eu\/index.php\/kadra\/\"]}]},{\"@type\":\"BreadcrumbList\",\"@id\":\"https:\/\/2liceum.eu\/index.php\/kadra\/#breadcrumb\",\"itemListElement\":[{\"@type\":\"ListItem\",\"position\":1,\"name\":\"Strona g\u0142\u00f3wna\",\"item\":\"https:\/\/2liceum.eu\/\"},{\"@type\":\"ListItem\",\"position\":2,\"name\":\"Kadra\"}]}]}<\/script>\n<!-- \/ Yoast SEO plugin. -->","yoast_head_json":{"title":"Kadra - II Liceum Og\u00f3lnokszta\u0142c\u0105ce w Lubinie","robots":{"index":"index","follow":"follow","max-snippet":"max-snippet:-1","max-image-preview":"max-image-preview:large","max-video-preview":"max-video-preview:-1"},"canonical":"https:\/\/2liceum.eu\/index.php\/kadra\/","og_locale":"pl_PL","og_type":"article","og_title":"Kadra - II Liceum Og\u00f3lnokszta\u0142c\u0105ce w Lubinie","og_description":"Kadra Pracownicy naszej szko\u0142y to zesp\u00f3\u0142 profesjonalist\u00f3w, kt\u00f3rego g\u0142\u00f3wnym celem jest przekazanie m\u0142odzie\u017cy wiedzy i umiej\u0119tno\u015bci niezb\u0119dnych do podj\u0119cia nauki na studiach wy\u017cszych. W II LO pracuje 50 nauczycieli, z kt\u00f3rych wi\u0119kszo\u015b\u0107 jest zwi\u0105zana ze szko\u0142\u0105 od wielu lat. Ich prac\u0119 wspomagaj\u0105 pedagog i psycholog. Szkolna piel\u0119gniarka udziela potrzebuj\u0105cym podstawowej pomocy medycznej. Dwie osoby pracuj\u0105 [&hellip;]","og_url":"https:\/\/2liceum.eu\/index.php\/kadra\/","og_site_name":"II Liceum Og\u00f3lnokszta\u0142c\u0105ce w Lubinie","article_publisher":"https:\/\/web.facebook.com\/IILOLubin\/","twitter_card":"summary_large_image","schema":{"@context":"https:\/\/schema.org","@graph":[{"@type":"Organization","@id":"https:\/\/2liceum.eu\/#organization","name":"II Liceum Og\u00f3lnokszta\u0142c\u0105ce w Lubinie","url":"https:\/\/2liceum.eu\/","sameAs":["http:\/\/2lolubin","https:\/\/www.youtube.com\/channel\/UCWjEMxRJYdfvxPhVOn-8g_g","https:\/\/web.facebook.com\/IILOLubin\/"],"logo":{"@type":"ImageObject","inLanguage":"pl-PL","@id":"https:\/\/2liceum.eu\/#\/schema\/logo\/image\/","url":"https:\/\/2liceum.eu\/wp-content\/uploads\/2018\/01\/pobrane.jpg","contentUrl":"https:\/\/2liceum.eu\/wp-content\/uploads\/2018\/01\/pobrane.jpg","width":184,"height":183,"caption":"II Liceum Og\u00f3lnokszta\u0142c\u0105ce w Lubinie"},"image":{"@id":"https:\/\/2liceum.eu\/#\/schema\/logo\/image\/"}},{"@type":"WebSite","@id":"https:\/\/2liceum.eu\/#website","url":"https:\/\/2liceum.eu\/","name":"II Liceum Og\u00f3lnokszta\u0142c\u0105ce w Lubinie","description":"Oficjalny portal II LO w Lubinie. Informacje o szkole, kadrze, zaj\u0119ciach dydaktycznych, ko\u0142ach zainteresowa\u0144, wolontariacie. Aktualno\u015bci. Galeria zdj\u0119\u0107.","publisher":{"@id":"https:\/\/2liceum.eu\/#organization"},"potentialAction":[{"@type":"SearchAction","target":{"@type":"EntryPoint","urlTemplate":"https:\/\/2liceum.eu\/?s={search_term_string}"},"query-input":"required name=search_term_string"}],"inLanguage":"pl-PL"},{"@type":"WebPage","@id":"https:\/\/2liceum.eu\/index.php\/kadra\/","url":"https:\/\/2liceum.eu\/index.php\/kadra\/","name":"Kadra - II Liceum Og\u00f3lnokszta\u0142c\u0105ce w Lubinie","isPartOf":{"@id":"https:\/\/2liceum.eu\/#website"},"datePublished":"2017-11-07T20:42:28+00:00","dateModified":"2017-11-07T20:42:28+00:00","breadcrumb":{"@id":"https:\/\/2liceum.eu\/index.php\/kadra\/#breadcrumb"},"inLanguage":"pl-PL","potentialAction":[{"@type":"ReadAction","target":["https:\/\/2liceum.eu\/index.php\/kadra\/"]}]},{"@type":"BreadcrumbList","@id":"https:\/\/2liceum.eu\/index.php\/kadra\/#breadcrumb","itemListElement":[{"@type":"ListItem","position":1,"name":"Strona g\u0142\u00f3wna","item":"https:\/\/2liceum.eu\/"},{"@type":"ListItem","position":2,"name":"Kadra"}]}]}},"_links":{"self":[{"href":"https:\/\/2liceum.eu\/index.php\/wp-json\/wp\/v2\/pages\/58","targetHints":{"allow":["GET"]}}],"collection":[{"href":"https:\/\/2liceum.eu\/index.php\/wp-json\/wp\/v2\/pages"}],"about":[{"href":"https:\/\/2liceum.eu\/index.php\/wp-json\/wp\/v2\/types\/page"}],"author":[{"embeddable":true,"href":"https:\/\/2liceum.eu\/index.php\/wp-json\/wp\/v2\/users\/1"}],"replies":[{"embeddable":true,"href":"https:\/\/2liceum.eu\/index.php\/wp-json\/wp\/v2\/comments?post=58"}],"version-history":[{"count":1,"href":"https:\/\/2liceum.eu\/index.php\/wp-json\/wp\/v2\/pages\/58\/revisions"}],"predecessor-version":[{"id":59,"href":"https:\/\/2liceum.eu\/index.php\/wp-json\/wp\/v2\/pages\/58\/revisions\/59"}],"wp:attachment":[{"href":"https:\/\/2liceum.eu\/index.php\/wp-json\/wp\/v2\/media?parent=58"}],"curies":[{"name":"wp","href":"https:\/\/api.w.org\/{rel}","templated":true}]}}