{"id":81,"date":"2017-11-07T22:07:35","date_gmt":"2017-11-07T21:07:35","guid":{"rendered":"http:\/\/2liceum.eu\/?page_id=81"},"modified":"2026-02-26T11:30:56","modified_gmt":"2026-02-26T10:30:56","slug":"historia","status":"publish","type":"page","link":"https:\/\/2liceum.eu\/index.php\/o-szkole\/historia\/","title":{"rendered":"Historia"},"content":{"rendered":"<p style=\"margin-bottom: 20px; text-align: justify;\"><span class=\"initial\">P<\/span>rezentujemy fragmenty monografii wydanej z okazji dziesi\u0119ciolecia szko\u0142y.<\/p>\n<p style=\"text-align: justify;\"><img decoding=\"async\" class=\"image-right alignleft\" src=\"http:\/\/2liceum.eu\/images\/articles\/strony_informacyjne\/o_szkole\/03.jpg\" alt=\"\">Histori\u0119 II Liceum Og\u00f3lnokszta\u0142c\u0105cego w Lubinie otwiera formalnie 1 wrze\u015bnia 1987 roku, cho\u0107 przecie\u017c wcze\u015bniej rozpocz\u0119\u0142y si\u0119 dyskusje i formowanie nowego organizmu. Zwi\u0105zane to by\u0142o z konieczno\u015bci\u0105 zapewnienia kszta\u0142cenia w liceum og\u00f3lnokszta\u0142c\u0105cym m\u0142odzie\u017cy, kt\u00f3ra wy\u00adbiera\u0142a ten typ edukacji oraz ze wzrastaj\u0105c\u0105 liczb\u0105 absolwent\u00f3w szk\u00f3\u0142 podstawowych, co by\u0142o oczy\u00adwist\u0105 konsekwencj\u0105 rozrastania si\u0119 m\u0142odego miasta.<\/p>\n<p style=\"text-align: justify;\">Tak wi\u0119c 10 oddzia\u0142\u00f3w rozpocz\u0119\u0142o rok szkolny 1987\/88. Spo\u0142eczno\u015b\u0107 uczniowsk\u0105 tworzy\u0142y klasy od I do III \u2013 w sumie 6 zespo\u0142\u00f3w, kt\u00f3re zosta\u0142y przeniesione do nowej szko\u0142y z \u00f3wczesnego Ze\u00adspo\u0142u Szk\u00f3\u0142 Og\u00f3lnokszta\u0142c\u0105cych mieszcz\u0105cego si\u0119 przy ul. Kopernika w Lubinie i 4 klasy pierwsze, rozpoczynaj\u0105ce tutaj sw\u0105 edukacj\u0119 na etapie ponadpodstawowym. II Liceum Og\u00f3lnokszta\u0142c\u0105ce w Lubinie powsta\u0142o wi\u0119c jako plac\u00f3wka pe\u0142na, prowadz\u0105ca nauczanie na wszystkich poziomach.<\/p>\n<p style=\"text-align: justify;\">Dzie\u0142a tworzenia i kierowania szko\u0142\u0105 podj\u0105\u0142 si\u0119 wieloletni nauczyciel matematyki i wicedyrektor wspomnianego Zespo\u0142u Szk\u00f3\u0142 Og\u00f3lnokszta\u0142c\u0105cych w Lubi\u00adnie mgr Stanis\u0142aw Toczek, kt\u00f3ry zosta\u0142 powo\u0142any na stanowisko dyrektora.<\/p>\n<p style=\"text-align: justify;\"><img decoding=\"async\" class=\"image-left alignright\" src=\"http:\/\/2liceum.eu\/images\/articles\/strony_informacyjne\/o_szkole\/04.jpg\" alt=\"\">Tw\u00f3rca II Liceum Og\u00f3lnokszta\u0142c\u0105cego w Lubinie Stanis\u0142aw Toczek to posta\u0107 bardzo znana nie tylko ludziom zwi\u0105zanym z o\u015bwiat\u0105. Wspania\u0142y matematyk da\u0142 si\u0119 tak\u017ce pozna\u0107 jako sprawny organizator w poprzednich miejscach pracy: w Wo\u0142owie i Lubinie. Jemu to przypad\u0142o w udziale stworzenie nowego organizmu, przekonywanie do koncepcji stworzenia pe\u0142nej szko\u0142y kszta\u0142c\u0105cej na czterech poziomach ju\u017c w pierwszym roku swojego istnienia, zjednywanie \u017cyczliwo\u015bci rodzic\u00f3w i uczni\u00f3w.<\/p>\n<p style=\"text-align: justify;\">Wa\u017cn\u0105 spraw\u0105 by\u0142o te\u017c opracowa\u00adnie planu organizacyjnego tak, by kszta\u0142ceniem i wychowaniem uczni\u00f3w kierowa\u0142a przygotowana i wykwalifikowana kadra, a wi\u0119c samo pozyskanie nauczycieli dla plac\u00f3wki, kt\u00f3rej histori\u0119 i obli\u00adcze trzeba by\u0142o dopiero budowa\u0107. Kolejnym powa\u017cnym problemem by\u0142o znalezienie rozwi\u0105za\u0144, by uczniowie i nauczyciele funkcjo\u00adnuj\u0105cej w tym samym budynku Szko\u0142y Podstawowej Nr 4 im. Bohater\u00f3w Pracy ZG Lubin mogli czu\u0107 si\u0119 r\u00f3wnie\u017c u siebie, realizowa\u0107 w pe\u0142ni postawione przed sob\u0105 zadania.<\/p>\n<p style=\"text-align: justify;\">Dyrektor Stanis\u0142aw Toczek, zanim m\u00f3g\u0142 wyg\u0142osi\u0107 s\u0142owa powitania wobec spo\u0142eczno\u015bci szkol\u00adnej, du\u017co czasu po\u015bwi\u0119ci\u0142 jej uformowaniu, zapewnieniu godziwych warunk\u00f3w nauki i pracy. Tak wi\u0119c kiedy inni wypoczywali w czasie wakacji, on czuwa\u0142 m.in. nad pracami remontowymi, doko\u00adnywa\u0142 zakup\u00f3w podstawowego wyposa\u017cenia do klas, tj. \u0142awek i krzese\u0142 uczniowskich, biurek i tablic, nadzorowa\u0142 prace w powstaj\u0105cej w\u0142a\u015bnie pracowni chemicznej i wyposa\u017ca\u0142 pracowni\u0119 komputerow\u0105, z kt\u00f3rej pozwoli\u0142 korzysta\u0107 tak\u017ce uczniom I LO w Lubinie.<\/p>\n<p style=\"text-align: justify;\">I tak ju\u017c mia\u0142o pozosta\u0107 przez kolejnych siedem lat sprawowania przez niego funkcji dyrektora II LO w Lubinie. Dyrektor by\u0142 obecny zawsze i wsz\u0119dzie, s\u0142u\u017c\u0105c pomoc\u0105, podpowiedzi\u0105 kole\u017ce\u0144sk\u0105, do\u015bwiad\u00adczeniem, rad\u0105, nadzoruj\u0105c wreszcie. Sumienny i rzetelny we wszystkim, co robi\u0142, wiele z siebie dawa\u0142, wiele te\u017c od siebie wymaga\u0142, ale mia\u0142 wyrozumienie dla rzeczywi\u015bcie poszukuj\u0105cych, cho\u0107 nie od razu znajduj\u0105cych w\u0142a\u015bciwe rozwi\u0105zanie.<\/p>\n<p style=\"text-align: justify;\"><img decoding=\"async\" class=\"image-right alignleft\" src=\"http:\/\/2liceum.eu\/images\/articles\/strony_informacyjne\/o_szkole\/05.jpg\" alt=\"\">Pracownicy wielu instytucji \u2013 nie tylko o\u015bwiato\u00adwych \u2013 powtarzaj\u0105 do dzi\u015b opini\u0119 o nim jako o cz\u0142owieku, kt\u00f3ry wsz\u0119dzie, gdzie m\u00f3g\u0142, walczy\u0142 i zabiega\u0142 o interesy II LO. To jego uporowi i \u201ewierze wbrew nadziei\u201d szko\u0142a zawdzi\u0119cza, \u017ce powsta\u0142a przy niej z prawdziwego zdarzenia sala gimnastyczna, kt\u00f3ra obecnie s\u0142u\u017cy kolejnym roczni\u00adkom m\u0142odzie\u017cy. To on wydeptywa\u0142 drogi i \u015bcie\u017cki do tych wszystkich \u2013 os\u00f3b i instytucji \u2013 mog\u0105cych wesprze\u0107 ze wszech miar s\u0142uszn\u0105 ide\u0119. On jedynie te\u017c wie, jak\u0105 musia\u0142 p\u0142aci\u0107 cen\u0119. A przecie\u017c jednak nie ustawa\u0142. Podo\u0142a\u0107 musia\u0142 ci\u0119\u017carowi odpowiedzialno\u015bci zwi\u0105zanemu z prowadzon\u0105 inwe\u00adstycj\u0105 i r\u00f3wnocze\u015bnie z realizacj\u0105 zada\u0144 statutowych szko\u0142y. By\u0142 zawsze otwarty na nowe. I tak np. nie ba\u0142 si\u0119 promowa\u0107 rocznych pobyt\u00f3w w szko\u0142ach innych pa\u0144stw naszych uczni\u00f3w, przyjmowa\u0142 do kierowanej przez siebie uczni\u00f3w \u2013 cudzoziemc\u00f3w, zatrudnia\u0142 w funkcji nauczycieli j\u0119zyka angielskiego Anglik\u00f3w, korzysta\u0142 z brytyjskich do\u015bwiad\u00adcze\u0144 w edukacji ekologicznej i przyj\u0105\u0142 angielskiego edukatora, kt\u00f3ry poprowadzi\u0142 zaj\u0119cia z uczniami szko\u0142y, pokazuj\u0105c r\u00f3wnocze\u015bnie mo\u017cliwo\u015bci w tym zakresie nauczycielom polskim. Pod jego kierunkiem szko\u0142a wcze\u015bniej ni\u017c inne wprowadzi\u0142a 6-stopniow\u0105 skal\u0119 ocen, rozpoczyna\u0142a innowacje i eksperymenty, tworz\u0105c kolejno programy autorskie: klasy biologiczno-chemicznej (1990), klasy humanistycznej (1991), klasy matematyczno-fizycznej z rozszerzon\u0105 edukacj\u0105 informatyczn\u0105 (1992), kt\u00f3rej to koncepcji zreszt\u0105 by\u0142 wsp\u00f3\u0142autorem. Wszystkie one \u2013 zatwierdzone przez MEN \u2013 po odpowiednich korektach funkcjonuj\u0105 do dzi\u015b.<\/p>\n<hr class=\"system-pagebreak\" title=\"C.d.\">\n<p style=\"text-align: justify;\"><img decoding=\"async\" class=\"image-right alignright\" src=\"http:\/\/2liceum.eu\/images\/articles\/strony_informacyjne\/o_szkole\/06.jpg\" alt=\"\">Ten pe\u0142en zapa\u0142u, inwencji tw\u00f3rczej i \u015bwie\u017cych, oryginalnych pomys\u0142\u00f3w przyjaciel m\u0142odzie\u017cy, doskona\u0142y organizator i zapobiegliwy gospodarz nie m\u00f3g\u0142 pozosta\u0107 niezauwa\u017cony. 1 wrze\u015bnia 1994 roku zosta\u0142 dyrektorem zespo\u0142u szk\u00f3\u0142 przy ambasadzie polskiej w Moskwie. Zawsze jednak pami\u0119ta\u0142 o swoim \u201edziecku\u201d \u2013 odwiedza\u0142 II LO w Lubinie w czasie swoich pobyt\u00f3w w mie\u015bcie, spotyka\u0142 si\u0119 z pracownikami, witany tutaj bardzo serdecznie.<\/p>\n<p style=\"text-align: justify;\">Temu niezwykle oszcz\u0119dnemu w s\u0142owach, nie zabiegaj\u0105cemu o rozg\u0142os i poklask cz\u0142owiekowi, powiedzmy jedno s\u0142owo, kt\u00f3re zawiera w sobie wiele: dzi\u0119kujemy!<\/p>\n<p style=\"text-align: justify;\">Kadr\u0119 pedagogiczn\u0105 pierwszego w dziejach szko\u0142y roku tworzy\u0142o 17 nauczycieli pe\u0142nozatrud\u00adnionych i 9 pracuj\u0105cych w niepe\u0142nym wymiarze. W grupie pe\u0142nozatrudnionych znale\u017ali si\u0119 nauczyciele, kt\u00f3rzy wraz z dyrektorem Stanis\u0142a\u00adwem Toczkiem przeszli z Zespo\u0142u Szk\u00f3\u0142 Og\u00f3lnokszta\u0142c\u0105cych w Lubinie:<\/p>\n<ul style=\"text-align: justify;\">\n<li>Joanna Rodak \u2013 nauczycielka j\u0119zyka polskiego,<\/li>\n<li>Danuta Chlebicz \u2013 nauczycielka j\u0119zyka niemieckiego,<\/li>\n<li>Anna Kanigowska \u2013 nauczycielka j\u0119zyka rosyjskiego,<\/li>\n<li>Bo\u017cena Poniecka-Klotz \u2013 nauczycielka chemii,<\/li>\n<li>Iwona Bronowicka \u2013 nauczycielka fizyki.<\/li>\n<\/ul>\n<p style=\"text-align: justify;\">Z innych szk\u00f3\u0142 przeszli b\u0105d\u017a rozpocz\u0119li tu sw\u0105 prac\u0119 w szkolnictwie:<\/p>\n<ul style=\"text-align: justify;\">\n<li>Jerzy Dziczkowski \u2013 nauczyciel techniki i plastyki,<\/li>\n<li>Andrzej Fil \u2013 nauczyciel wychowania fizycznego i przysposobienia obronnego,<\/li>\n<li>El\u017cbieta Grabowska \u2013 nauczycielka wychowani fizycznego,<\/li>\n<li>Grzegorz Garczy\u0144ski \u2013 nauczyciel historii i propedeutyki nauki o spo\u0142ecze\u0144stwie,<\/li>\n<li>Jolanta B\u0119dkowska-Jasiak \u2013 nauczycielka j\u0119zyka polskiego w II LO i historii w Szkole Podstawowej Nr 4,<\/li>\n<li>Danuta Lach \u2013 bibliotekarz,<\/li>\n<li>Dorota Ott-Tokarz \u2013 nauczycielka biologii,<\/li>\n<li>Lucyna Szudrowicz \u2013 nauczycielka matematyki,<\/li>\n<li>Ryszard Techma\u0144ski \u2013 nauczyciel j\u0119zyka niemieckiego,<\/li>\n<li>Anna Kliszcz \u2013 nauczycielka fizyki,<\/li>\n<li>El\u017cbieta Kalinka \u2013 nauczycielka j\u0119zyka angielskiego.<\/li>\n<\/ul>\n<p style=\"text-align: justify;\">W niepe\u0142nym wymiarze pracowali nauczyciele Zespo\u0142u Szk\u00f3\u0142 Og\u00f3lnokszta\u0142c\u0105cych w Lubinie: Janina Malik, Marcin Jarczyk, Genowefa Szykulska, Helena Kulczycka, Ewa Szpich.<\/p>\n<p style=\"text-align: justify;\">Wspomagali nas swoj\u0105 wiedz\u0105, do\u015bwiadczeniem i prac\u0105:<\/p>\n<ul style=\"text-align: justify;\">\n<li>Zofia Pie\u0144kowska \u2013 wieloletni dyrektor Liceum Og\u00f3lnokszta\u0142c\u0105cego im. M. Kopernika w Lubinie, nauczycielka biologii,<\/li>\n<li>Czes\u0142awa Wiadrowska \u2013 \u00f3wczesny dyrektor Poradni Wychowawczo-Zawodowej w Lubi\u00adnie, prowadz\u0105ca zaj\u0119cia z pedagogiki i psychologii, obecnie wicekurator w Legnicy,<\/li>\n<li>Halina Kochanek \u2013 zast\u0119pca inspektora Wydzia\u0142u O\u015bwiaty i Wychowania w Lubinie, nauczycielka matematyki,<\/li>\n<li>Henryk Ziobrowski \u2013 nauczyciel muzyki (tak\u017ce w SP 4).<\/li>\n<\/ul>\n<p style=\"text-align: justify;\"><img decoding=\"async\" class=\"image-left alignleft\" src=\"http:\/\/2liceum.eu\/images\/articles\/strony_informacyjne\/o_szkole\/07.jpg\" alt=\"\">Zanim nauczyciele i uczniowie przyszli do szko\u0142y, wiele godzin pracy w czasie wakacji sp\u0119\u00addzili w budynku uczniowie klasy najstarszej \u2013 czwartej oraz nauczyciele: Grzegorz Garczy\u0144ski, Joanna Rodak i oczywi\u015bcie dyrektor \u2013 Stanis\u0142aw Toczek, nosz\u0105c, skr\u0119caj\u0105c i ustawiaj\u0105c sprz\u0119t w wyznaczonych dla II LO salach mieszcz\u0105cych si\u0119 na II i I pi\u0119trze. Klasa II a pod kierunkiem nowej wychowawczy\u00adni przygotowa\u0142a program na uroczysto\u015b\u0107 rozpocz\u0119cia roku szkolnego a w imieniu uczni\u00f3w w czasie inauguracji przem\u00f3wi\u0142 Jaros\u0142aw Murdzek \u2013 ucze\u0144 klasy IV. Nikt nie sk\u0142ada\u0142 pustych deklaracji, a wszyscy zdawali sobie spraw\u0119 z tego, \u017ce dobre imi\u0119 szko\u0142y zaczyna si\u0119 budowa\u0107 ju\u017c 1 wrze\u015bnia 1987 roku w\u0142asnym wysi\u0142kiem, w\u0142asn\u0105 prac\u0105.<\/p>\n<p style=\"text-align: justify;\">Wszystko by\u0142o tutaj inne, pierwsze: pierwsze otrz\u0119siny uczni\u00f3w klas pierwszych, pierwsze obchody Dni Edukacji Narodowej i innych \u015bwi\u0105t, pierwsze sukcesy i osi\u0105gni\u0119cia. Powsta\u0142 ch\u00f3r szkolny, zacz\u0119\u0142y funkcjonowa\u0107 ko\u0142a przedmiotowe i zaj\u0119cia pozalekcyjne, organizacje zrzesza\u00adj\u0105ce m\u0142odzie\u017c: PTTK, PTSM, OHP, SKS, ZHP, TPPR, PCK, LOP. Animatorem \u017cycia kultural\u00adnego szko\u0142y ze strony uczni\u00f3w sta\u0142a si\u0119 przede wszystkim klasa IV wesp\u00f3\u0142 z Samorz\u0105dem Uczniowskim. Liceum o\u017cywi\u0142o si\u0119 dzi\u0119ki lidze klas, wystawom, instalacjom i imprezom organizowanym tak\u017ce po lekcjach.<\/p>\n<p style=\"text-align: justify;\">Powstawa\u0142a powoli biblioteka, kt\u00f3rej zacz\u0105tek stanowi\u0142o ok. 400 egzemplarzy ksi\u0105\u017cek przekaza\u00adnych przez ZSO w Lubinie. Reszta to wynik pomys\u0142owo\u015bci nauczycieli i dyrektora: ksi\u0105\u017cki przekaza\u0142o Wydawnictwo Ossolineum i KAW, kupowano je z bud\u017cetu szko\u0142y, ofiarowa\u0142y je te\u017c ko\u0144cz\u0105ce szko\u0142\u0119 pierwsze roczniki absolwent\u00f3w. Pracownie wzbogaca\u0142y si\u0119 powoli w najpotrzebniejszy sprz\u0119t dzi\u0119ki darom instytucji i os\u00f3b prywatnych, przekazaniu niekt\u00f3rych egzemplarzy przez SP 4. Sami uczniowie pod opiek\u0105 na\u00aduczycieli wykonywali pomoce b\u0105d\u017a przywracali do stanu u\u017cywalno\u015bci pozyskane w r\u00f3\u017cnych miejscach. Wbrew malkontentom i niedowiarkom pierwszy rok dzia\u0142alno\u015bci szko\u0142y by\u0142 na tyle znacz\u0105cy, \u017ce bardzo du\u017co kandydat\u00f3w ubiegaj\u0105cych si\u0119 o przyj\u0119cie do II LO nie mog\u0142o z braku miejsc znale\u017a\u0107 si\u0119 w murach szko\u0142y. Odnotowa\u0107 te\u017c nale\u017cy sukces indywidualny: Piotr Por\u0119ba zakwalifikowa\u0142 si\u0119 do centralnej edycji konkursu recytatorskiego, a Alicja Popek zdoby\u0142a wyr\u00f3\u017cnienie na szczeblu rejonowym.<\/p>\n","protected":false},"excerpt":{"rendered":"<p>Prezentujemy fragmenty monografii wydanej z okazji dziesi\u0119ciolecia szko\u0142y. Histori\u0119 II Liceum Og\u00f3lnokszta\u0142c\u0105cego w Lubinie otwiera formalnie 1 wrze\u015bnia 1987 roku, cho\u0107 przecie\u017c wcze\u015bniej rozpocz\u0119\u0142y si\u0119 dyskusje i formowanie nowego organizmu. Zwi\u0105zane to by\u0142o z konieczno\u015bci\u0105 zapewnienia kszta\u0142cenia w liceum og\u00f3lnokszta\u0142c\u0105cym m\u0142odzie\u017cy, kt\u00f3ra wy\u00adbiera\u0142a ten typ edukacji oraz ze wzrastaj\u0105c\u0105 liczb\u0105 absolwent\u00f3w szk\u00f3\u0142 podstawowych, co by\u0142o [&hellip;]<\/p>\n","protected":false},"author":1,"featured_media":0,"parent":76,"menu_order":0,"comment_status":"closed","ping_status":"closed","template":"","meta":{"ngg_post_thumbnail":0,"footnotes":""},"class_list":["post-81","page","type-page","status-publish","hentry"],"yoast_head":"<!-- This site is optimized with the Yoast SEO plugin v19.4 - https:\/\/yoast.com\/wordpress\/plugins\/seo\/ -->\n<title>Historia - II Liceum Og\u00f3lnokszta\u0142c\u0105ce w Lubinie<\/title>\n<meta name=\"robots\" content=\"index, follow, max-snippet:-1, max-image-preview:large, max-video-preview:-1\" \/>\n<link rel=\"canonical\" href=\"https:\/\/2liceum.eu\/index.php\/o-szkole\/historia\/\" \/>\n<meta property=\"og:locale\" content=\"pl_PL\" \/>\n<meta property=\"og:type\" content=\"article\" \/>\n<meta property=\"og:title\" content=\"Historia - II Liceum Og\u00f3lnokszta\u0142c\u0105ce w Lubinie\" \/>\n<meta property=\"og:description\" content=\"Prezentujemy fragmenty monografii wydanej z okazji dziesi\u0119ciolecia szko\u0142y. Histori\u0119 II Liceum Og\u00f3lnokszta\u0142c\u0105cego w Lubinie otwiera formalnie 1 wrze\u015bnia 1987 roku, cho\u0107 przecie\u017c wcze\u015bniej rozpocz\u0119\u0142y si\u0119 dyskusje i formowanie nowego organizmu. Zwi\u0105zane to by\u0142o z konieczno\u015bci\u0105 zapewnienia kszta\u0142cenia w liceum og\u00f3lnokszta\u0142c\u0105cym m\u0142odzie\u017cy, kt\u00f3ra wy\u00adbiera\u0142a ten typ edukacji oraz ze wzrastaj\u0105c\u0105 liczb\u0105 absolwent\u00f3w szk\u00f3\u0142 podstawowych, co by\u0142o [&hellip;]\" \/>\n<meta property=\"og:url\" content=\"https:\/\/2liceum.eu\/index.php\/o-szkole\/historia\/\" \/>\n<meta property=\"og:site_name\" content=\"II Liceum Og\u00f3lnokszta\u0142c\u0105ce w Lubinie\" \/>\n<meta property=\"article:publisher\" content=\"https:\/\/web.facebook.com\/IILOLubin\/\" \/>\n<meta property=\"article:modified_time\" content=\"2026-02-26T10:30:56+00:00\" \/>\n<meta property=\"og:image\" content=\"http:\/\/2liceum.eu\/images\/articles\/strony_informacyjne\/o_szkole\/03.jpg\" \/>\n<meta name=\"twitter:card\" content=\"summary_large_image\" \/>\n<meta name=\"twitter:label1\" content=\"Szacowany czas czytania\" \/>\n\t<meta name=\"twitter:data1\" content=\"9 minut\" \/>\n<script type=\"application\/ld+json\" class=\"yoast-schema-graph\">{\"@context\":\"https:\/\/schema.org\",\"@graph\":[{\"@type\":\"Organization\",\"@id\":\"https:\/\/2liceum.eu\/#organization\",\"name\":\"II Liceum Og\u00f3lnokszta\u0142c\u0105ce w Lubinie\",\"url\":\"https:\/\/2liceum.eu\/\",\"sameAs\":[\"http:\/\/2lolubin\",\"https:\/\/www.youtube.com\/channel\/UCWjEMxRJYdfvxPhVOn-8g_g\",\"https:\/\/web.facebook.com\/IILOLubin\/\"],\"logo\":{\"@type\":\"ImageObject\",\"inLanguage\":\"pl-PL\",\"@id\":\"https:\/\/2liceum.eu\/#\/schema\/logo\/image\/\",\"url\":\"https:\/\/2liceum.eu\/wp-content\/uploads\/2018\/01\/pobrane.jpg\",\"contentUrl\":\"https:\/\/2liceum.eu\/wp-content\/uploads\/2018\/01\/pobrane.jpg\",\"width\":184,\"height\":183,\"caption\":\"II Liceum Og\u00f3lnokszta\u0142c\u0105ce w Lubinie\"},\"image\":{\"@id\":\"https:\/\/2liceum.eu\/#\/schema\/logo\/image\/\"}},{\"@type\":\"WebSite\",\"@id\":\"https:\/\/2liceum.eu\/#website\",\"url\":\"https:\/\/2liceum.eu\/\",\"name\":\"II Liceum Og\u00f3lnokszta\u0142c\u0105ce w Lubinie\",\"description\":\"Oficjalny portal II LO w Lubinie. Informacje o szkole, kadrze, zaj\u0119ciach dydaktycznych, ko\u0142ach zainteresowa\u0144, wolontariacie. Aktualno\u015bci. Galeria zdj\u0119\u0107.\",\"publisher\":{\"@id\":\"https:\/\/2liceum.eu\/#organization\"},\"potentialAction\":[{\"@type\":\"SearchAction\",\"target\":{\"@type\":\"EntryPoint\",\"urlTemplate\":\"https:\/\/2liceum.eu\/?s={search_term_string}\"},\"query-input\":\"required name=search_term_string\"}],\"inLanguage\":\"pl-PL\"},{\"@type\":\"WebPage\",\"@id\":\"https:\/\/2liceum.eu\/index.php\/o-szkole\/historia\/\",\"url\":\"https:\/\/2liceum.eu\/index.php\/o-szkole\/historia\/\",\"name\":\"Historia - II Liceum Og\u00f3lnokszta\u0142c\u0105ce w Lubinie\",\"isPartOf\":{\"@id\":\"https:\/\/2liceum.eu\/#website\"},\"datePublished\":\"2017-11-07T21:07:35+00:00\",\"dateModified\":\"2026-02-26T10:30:56+00:00\",\"breadcrumb\":{\"@id\":\"https:\/\/2liceum.eu\/index.php\/o-szkole\/historia\/#breadcrumb\"},\"inLanguage\":\"pl-PL\",\"potentialAction\":[{\"@type\":\"ReadAction\",\"target\":[\"https:\/\/2liceum.eu\/index.php\/o-szkole\/historia\/\"]}]},{\"@type\":\"BreadcrumbList\",\"@id\":\"https:\/\/2liceum.eu\/index.php\/o-szkole\/historia\/#breadcrumb\",\"itemListElement\":[{\"@type\":\"ListItem\",\"position\":1,\"name\":\"Strona g\u0142\u00f3wna\",\"item\":\"https:\/\/2liceum.eu\/\"},{\"@type\":\"ListItem\",\"position\":2,\"name\":\"O szkole\",\"item\":\"https:\/\/2liceum.eu\/index.php\/o-szkole\/\"},{\"@type\":\"ListItem\",\"position\":3,\"name\":\"Historia\"}]}]}<\/script>\n<!-- \/ Yoast SEO plugin. -->","yoast_head_json":{"title":"Historia - II Liceum Og\u00f3lnokszta\u0142c\u0105ce w Lubinie","robots":{"index":"index","follow":"follow","max-snippet":"max-snippet:-1","max-image-preview":"max-image-preview:large","max-video-preview":"max-video-preview:-1"},"canonical":"https:\/\/2liceum.eu\/index.php\/o-szkole\/historia\/","og_locale":"pl_PL","og_type":"article","og_title":"Historia - II Liceum Og\u00f3lnokszta\u0142c\u0105ce w Lubinie","og_description":"Prezentujemy fragmenty monografii wydanej z okazji dziesi\u0119ciolecia szko\u0142y. Histori\u0119 II Liceum Og\u00f3lnokszta\u0142c\u0105cego w Lubinie otwiera formalnie 1 wrze\u015bnia 1987 roku, cho\u0107 przecie\u017c wcze\u015bniej rozpocz\u0119\u0142y si\u0119 dyskusje i formowanie nowego organizmu. Zwi\u0105zane to by\u0142o z konieczno\u015bci\u0105 zapewnienia kszta\u0142cenia w liceum og\u00f3lnokszta\u0142c\u0105cym m\u0142odzie\u017cy, kt\u00f3ra wy\u00adbiera\u0142a ten typ edukacji oraz ze wzrastaj\u0105c\u0105 liczb\u0105 absolwent\u00f3w szk\u00f3\u0142 podstawowych, co by\u0142o [&hellip;]","og_url":"https:\/\/2liceum.eu\/index.php\/o-szkole\/historia\/","og_site_name":"II Liceum Og\u00f3lnokszta\u0142c\u0105ce w Lubinie","article_publisher":"https:\/\/web.facebook.com\/IILOLubin\/","article_modified_time":"2026-02-26T10:30:56+00:00","og_image":[{"url":"http:\/\/2liceum.eu\/images\/articles\/strony_informacyjne\/o_szkole\/03.jpg"}],"twitter_card":"summary_large_image","twitter_misc":{"Szacowany czas czytania":"9 minut"},"schema":{"@context":"https:\/\/schema.org","@graph":[{"@type":"Organization","@id":"https:\/\/2liceum.eu\/#organization","name":"II Liceum Og\u00f3lnokszta\u0142c\u0105ce w Lubinie","url":"https:\/\/2liceum.eu\/","sameAs":["http:\/\/2lolubin","https:\/\/www.youtube.com\/channel\/UCWjEMxRJYdfvxPhVOn-8g_g","https:\/\/web.facebook.com\/IILOLubin\/"],"logo":{"@type":"ImageObject","inLanguage":"pl-PL","@id":"https:\/\/2liceum.eu\/#\/schema\/logo\/image\/","url":"https:\/\/2liceum.eu\/wp-content\/uploads\/2018\/01\/pobrane.jpg","contentUrl":"https:\/\/2liceum.eu\/wp-content\/uploads\/2018\/01\/pobrane.jpg","width":184,"height":183,"caption":"II Liceum Og\u00f3lnokszta\u0142c\u0105ce w Lubinie"},"image":{"@id":"https:\/\/2liceum.eu\/#\/schema\/logo\/image\/"}},{"@type":"WebSite","@id":"https:\/\/2liceum.eu\/#website","url":"https:\/\/2liceum.eu\/","name":"II Liceum Og\u00f3lnokszta\u0142c\u0105ce w Lubinie","description":"Oficjalny portal II LO w Lubinie. Informacje o szkole, kadrze, zaj\u0119ciach dydaktycznych, ko\u0142ach zainteresowa\u0144, wolontariacie. Aktualno\u015bci. Galeria zdj\u0119\u0107.","publisher":{"@id":"https:\/\/2liceum.eu\/#organization"},"potentialAction":[{"@type":"SearchAction","target":{"@type":"EntryPoint","urlTemplate":"https:\/\/2liceum.eu\/?s={search_term_string}"},"query-input":"required name=search_term_string"}],"inLanguage":"pl-PL"},{"@type":"WebPage","@id":"https:\/\/2liceum.eu\/index.php\/o-szkole\/historia\/","url":"https:\/\/2liceum.eu\/index.php\/o-szkole\/historia\/","name":"Historia - II Liceum Og\u00f3lnokszta\u0142c\u0105ce w Lubinie","isPartOf":{"@id":"https:\/\/2liceum.eu\/#website"},"datePublished":"2017-11-07T21:07:35+00:00","dateModified":"2026-02-26T10:30:56+00:00","breadcrumb":{"@id":"https:\/\/2liceum.eu\/index.php\/o-szkole\/historia\/#breadcrumb"},"inLanguage":"pl-PL","potentialAction":[{"@type":"ReadAction","target":["https:\/\/2liceum.eu\/index.php\/o-szkole\/historia\/"]}]},{"@type":"BreadcrumbList","@id":"https:\/\/2liceum.eu\/index.php\/o-szkole\/historia\/#breadcrumb","itemListElement":[{"@type":"ListItem","position":1,"name":"Strona g\u0142\u00f3wna","item":"https:\/\/2liceum.eu\/"},{"@type":"ListItem","position":2,"name":"O szkole","item":"https:\/\/2liceum.eu\/index.php\/o-szkole\/"},{"@type":"ListItem","position":3,"name":"Historia"}]}]}},"_links":{"self":[{"href":"https:\/\/2liceum.eu\/index.php\/wp-json\/wp\/v2\/pages\/81","targetHints":{"allow":["GET"]}}],"collection":[{"href":"https:\/\/2liceum.eu\/index.php\/wp-json\/wp\/v2\/pages"}],"about":[{"href":"https:\/\/2liceum.eu\/index.php\/wp-json\/wp\/v2\/types\/page"}],"author":[{"embeddable":true,"href":"https:\/\/2liceum.eu\/index.php\/wp-json\/wp\/v2\/users\/1"}],"replies":[{"embeddable":true,"href":"https:\/\/2liceum.eu\/index.php\/wp-json\/wp\/v2\/comments?post=81"}],"version-history":[{"count":7,"href":"https:\/\/2liceum.eu\/index.php\/wp-json\/wp\/v2\/pages\/81\/revisions"}],"predecessor-version":[{"id":12076,"href":"https:\/\/2liceum.eu\/index.php\/wp-json\/wp\/v2\/pages\/81\/revisions\/12076"}],"up":[{"embeddable":true,"href":"https:\/\/2liceum.eu\/index.php\/wp-json\/wp\/v2\/pages\/76"}],"wp:attachment":[{"href":"https:\/\/2liceum.eu\/index.php\/wp-json\/wp\/v2\/media?parent=81"}],"curies":[{"name":"wp","href":"https:\/\/api.w.org\/{rel}","templated":true}]}}